{"id":7656,"date":"2017-08-09T08:36:42","date_gmt":"2017-08-09T07:36:42","guid":{"rendered":"http:\/\/localhost\/xerta\/contacte\/formulario-enviado\/?lang=ca"},"modified":"2026-03-11T14:51:15","modified_gmt":"2026-03-11T13:51:15","slug":"formulari-enviat","status":"publish","type":"page","link":"https:\/\/www.xertarestaurant.com\/ca\/reserves\/formulari-enviat\/","title":{"rendered":"Formulari enviat"},"content":{"rendered":"[vc_row full_width=&#8221;stretch_row_content_no_spaces&#8221;][vc_column][vc_raw_html]JTNDaWZyYW1lJTIwc3JjJTNEJTIyaHR0cHMlM0ElMkYlMkZ3d3cuZ29vZ2xlLmNvbSUyRm1hcHMlMkZlbWJlZCUzRnBiJTNEJTIxMW0xOCUyMTFtMTIlMjExbTMlMjExZDI5MzEuNDY1MTE1NzY4OTYlMjEyZDIuMTU0MjA5MzQ2NTE0MTM3JTIxM2Q0MS4zOTQ0NzM1Nzc2MzY5NyUyMTJtMyUyMTFmMCUyMTJmMCUyMTNmMCUyMTNtMiUyMTFpMTAyNCUyMTJpNzY4JTIxNGYxMy4xJTIxM20zJTIxMW0yJTIxMXMweDEyYTRhMjkwZWViYzEzNWYlMjUzQTB4ZmVjMjUwODc0NGMxMDZjMiUyMTJzWGVydGElMkJSZXN0YXVyYW50JTIxNWUwJTIxM20yJTIxMXNlcyUyMTJzZXMlMjE0djE1MDIyNjQ4MTI5MjIlMjIlMjB3aWR0aCUzRCUyMjEwMCUyNSUyMiUyMGhlaWdodCUzRCUyMjUwMCUyMiUyMGZyYW1lYm9yZGVyJTNEJTIyMCUyMiUyMHN0eWxlJTNEJTIyYm9yZGVyJTNBMCUyMiUyMGFsbG93ZnVsbHNjcmVlbiUzRSUzQyUyRmlmcmFtZSUzRQ==[\/vc_raw_html][\/vc_column][\/vc_row]\n","protected":false},"excerpt":{"rendered":"<p>[vc_row full_width=&#8221;stretch_row_content_no_spaces&#8221;][vc_column][vc_raw_html]JTNDaWZyYW1lJTIwc3JjJTNEJTIyaHR0cHMlM0ElMkYlMkZ3d3cuZ29vZ2xlLmNvbSUyRm1hcHMlMkZlbWJlZCUzRnBiJTNEJTIxMW0xOCUyMTFtMTIlMjExbTMlMjExZDI5MzEuNDY1MTE1NzY4OTYlMjEyZDIuMTU0MjA5MzQ2NTE0MTM3JTIxM2Q0MS4zOTQ0NzM1Nzc2MzY5NyUyMTJtMyUyMTFmMCUyMTJmMCUyMTNmMCUyMTNtMiUyMTFpMTAyNCUyMTJpNzY4JTIxNGYxMy4xJTIxM20zJTIxMW0yJTIxMXMweDEyYTRhMjkwZWViYzEzNWYlMjUzQTB4ZmVjMjUwODc0NGMxMDZjMiUyMTJzWGVydGElMkJSZXN0YXVyYW50JTIxNWUwJTIxM20yJTIxMXNlcyUyMTJzZXMlMjE0djE1MDIyNjQ4MTI5MjIlMjIlMjB3aWR0aCUzRCUyMjEwMCUyNSUyMiUyMGhlaWdodCUzRCUyMjUwMCUyMiUyMGZyYW1lYm9yZGVyJTNEJTIyMCUyMiUyMHN0eWxlJTNEJTIyYm9yZGVyJTNBMCUyMiUyMGFsbG93ZnVsbHNjcmVlbiUzRSUzQyUyRmlmcmFtZSUzRQ==[\/vc_raw_html][\/vc_column][\/vc_row]<\/p>\n","protected":false},"author":1,"featured_media":0,"parent":4933,"menu_order":0,"comment_status":"closed","ping_status":"closed","template":"","meta":{"_monsterinsights_skip_tracking":false,"_monsterinsights_sitenote_active":false,"_monsterinsights_sitenote_note":"","_monsterinsights_sitenote_category":0,"footnotes":""},"class_list":["post-7656","page","type-page","status-publish","hentry"],"yoast_head":"<!-- This site is optimized with the Yoast SEO plugin v27.2 - https:\/\/yoast.com\/product\/yoast-seo-wordpress\/ -->\n<title>Formulari enviat - Xerta Restaurant<\/title>\n<meta name=\"description\" content=\"Xerta Restaurant t\u2019acosta la cuina de les Terres de l\u2019Ebre a Barcelona. Reserva ara i descobreix una experi\u00e8ncia gastron\u00f2mica \u00fanica al cor de l\u2019Eixample.\" \/>\n<meta name=\"robots\" content=\"index, follow, max-snippet:-1, max-image-preview:large, max-video-preview:-1\" \/>\n<link rel=\"canonical\" href=\"https:\/\/www.xertarestaurant.com\/ca\/reserves\/formulari-enviat\/\" \/>\n<meta property=\"og:locale\" content=\"ca_ES\" \/>\n<meta property=\"og:type\" content=\"article\" \/>\n<meta property=\"og:title\" content=\"Formulari enviat - Xerta Restaurant\" \/>\n<meta property=\"og:description\" content=\"Xerta Restaurant t\u2019acosta la cuina de les Terres de l\u2019Ebre a Barcelona. Reserva ara i descobreix una experi\u00e8ncia gastron\u00f2mica \u00fanica al cor de l\u2019Eixample.\" \/>\n<meta property=\"og:url\" content=\"https:\/\/www.xertarestaurant.com\/ca\/reserves\/formulari-enviat\/\" \/>\n<meta property=\"og:site_name\" content=\"Xerta Restaurant\" \/>\n<meta property=\"article:publisher\" content=\"https:\/\/www.facebook.com\/xertarestaurant\" \/>\n<meta property=\"article:modified_time\" content=\"2026-03-11T13:51:15+00:00\" \/>\n<meta name=\"twitter:card\" content=\"summary_large_image\" \/>\n<meta name=\"twitter:site\" content=\"@XertaBarcelona\" \/>\n<meta name=\"twitter:label1\" content=\"Temps estimat de lectura\" \/>\n\t<meta name=\"twitter:data1\" content=\"1 minut\" \/>\n<script type=\"application\/ld+json\" class=\"yoast-schema-graph\">{\"@context\":\"https:\/\/schema.org\",\"@graph\":[{\"@type\":\"WebPage\",\"@id\":\"https:\/\/www.xertarestaurant.com\/ca\/reserves\/formulari-enviat\/\",\"url\":\"https:\/\/www.xertarestaurant.com\/ca\/reserves\/formulari-enviat\/\",\"name\":\"Formulari enviat - Xerta Restaurant\",\"isPartOf\":{\"@id\":\"https:\/\/www.xertarestaurant.com\/#website\"},\"datePublished\":\"2017-08-09T07:36:42+00:00\",\"dateModified\":\"2026-03-11T13:51:15+00:00\",\"description\":\"Xerta Restaurant t\u2019acosta la cuina de les Terres de l\u2019Ebre a Barcelona. Reserva ara i descobreix una experi\u00e8ncia gastron\u00f2mica \u00fanica al cor de l\u2019Eixample.\",\"breadcrumb\":{\"@id\":\"https:\/\/www.xertarestaurant.com\/ca\/reserves\/formulari-enviat\/#breadcrumb\"},\"inLanguage\":\"ca\",\"potentialAction\":[{\"@type\":\"ReadAction\",\"target\":[\"https:\/\/www.xertarestaurant.com\/ca\/reserves\/formulari-enviat\/\"]}]},{\"@type\":\"BreadcrumbList\",\"@id\":\"https:\/\/www.xertarestaurant.com\/ca\/reserves\/formulari-enviat\/#breadcrumb\",\"itemListElement\":[{\"@type\":\"ListItem\",\"position\":1,\"name\":\"Portada\",\"item\":\"https:\/\/www.xertarestaurant.com\/ca\/\"},{\"@type\":\"ListItem\",\"position\":2,\"name\":\"Reserves\",\"item\":\"https:\/\/www.xertarestaurant.com\/ca\/reserves\/\"},{\"@type\":\"ListItem\",\"position\":3,\"name\":\"Formulari enviat\"}]},{\"@type\":\"WebSite\",\"@id\":\"https:\/\/www.xertarestaurant.com\/#website\",\"url\":\"https:\/\/www.xertarestaurant.com\/\",\"name\":\"Xerta Restaurant\",\"description\":\"Restaurante gastron\u00f3mico de autor en Barcelona\",\"publisher\":{\"@id\":\"https:\/\/www.xertarestaurant.com\/#organization\"},\"potentialAction\":[{\"@type\":\"SearchAction\",\"target\":{\"@type\":\"EntryPoint\",\"urlTemplate\":\"https:\/\/www.xertarestaurant.com\/?s={search_term_string}\"},\"query-input\":{\"@type\":\"PropertyValueSpecification\",\"valueRequired\":true,\"valueName\":\"search_term_string\"}}],\"inLanguage\":\"ca\"},{\"@type\":\"Organization\",\"@id\":\"https:\/\/www.xertarestaurant.com\/#organization\",\"name\":\"Xerta Restaurant\",\"url\":\"https:\/\/www.xertarestaurant.com\/\",\"logo\":{\"@type\":\"ImageObject\",\"inLanguage\":\"ca\",\"@id\":\"https:\/\/www.xertarestaurant.com\/#\/schema\/logo\/image\/\",\"url\":\"https:\/\/www.xertarestaurant.com\/wp-content\/uploads\/2020\/01\/xerta-restaurant-barcelona-logo-1-1.svg\",\"contentUrl\":\"https:\/\/www.xertarestaurant.com\/wp-content\/uploads\/2020\/01\/xerta-restaurant-barcelona-logo-1-1.svg\",\"width\":1,\"height\":1,\"caption\":\"Xerta Restaurant\"},\"image\":{\"@id\":\"https:\/\/www.xertarestaurant.com\/#\/schema\/logo\/image\/\"},\"sameAs\":[\"https:\/\/www.facebook.com\/xertarestaurant\",\"https:\/\/x.com\/XertaBarcelona\",\"https:\/\/www.instagram.com\/xertarestaurant\"]}]}<\/script>\n<!-- \/ Yoast SEO plugin. -->","yoast_head_json":{"title":"Formulari enviat - Xerta Restaurant","description":"Xerta Restaurant t\u2019acosta la cuina de les Terres de l\u2019Ebre a Barcelona. Reserva ara i descobreix una experi\u00e8ncia gastron\u00f2mica \u00fanica al cor de l\u2019Eixample.","robots":{"index":"index","follow":"follow","max-snippet":"max-snippet:-1","max-image-preview":"max-image-preview:large","max-video-preview":"max-video-preview:-1"},"canonical":"https:\/\/www.xertarestaurant.com\/ca\/reserves\/formulari-enviat\/","og_locale":"ca_ES","og_type":"article","og_title":"Formulari enviat - Xerta Restaurant","og_description":"Xerta Restaurant t\u2019acosta la cuina de les Terres de l\u2019Ebre a Barcelona. Reserva ara i descobreix una experi\u00e8ncia gastron\u00f2mica \u00fanica al cor de l\u2019Eixample.","og_url":"https:\/\/www.xertarestaurant.com\/ca\/reserves\/formulari-enviat\/","og_site_name":"Xerta Restaurant","article_publisher":"https:\/\/www.facebook.com\/xertarestaurant","article_modified_time":"2026-03-11T13:51:15+00:00","twitter_card":"summary_large_image","twitter_site":"@XertaBarcelona","twitter_misc":{"Temps estimat de lectura":"1 minut"},"schema":{"@context":"https:\/\/schema.org","@graph":[{"@type":"WebPage","@id":"https:\/\/www.xertarestaurant.com\/ca\/reserves\/formulari-enviat\/","url":"https:\/\/www.xertarestaurant.com\/ca\/reserves\/formulari-enviat\/","name":"Formulari enviat - Xerta Restaurant","isPartOf":{"@id":"https:\/\/www.xertarestaurant.com\/#website"},"datePublished":"2017-08-09T07:36:42+00:00","dateModified":"2026-03-11T13:51:15+00:00","description":"Xerta Restaurant t\u2019acosta la cuina de les Terres de l\u2019Ebre a Barcelona. Reserva ara i descobreix una experi\u00e8ncia gastron\u00f2mica \u00fanica al cor de l\u2019Eixample.","breadcrumb":{"@id":"https:\/\/www.xertarestaurant.com\/ca\/reserves\/formulari-enviat\/#breadcrumb"},"inLanguage":"ca","potentialAction":[{"@type":"ReadAction","target":["https:\/\/www.xertarestaurant.com\/ca\/reserves\/formulari-enviat\/"]}]},{"@type":"BreadcrumbList","@id":"https:\/\/www.xertarestaurant.com\/ca\/reserves\/formulari-enviat\/#breadcrumb","itemListElement":[{"@type":"ListItem","position":1,"name":"Portada","item":"https:\/\/www.xertarestaurant.com\/ca\/"},{"@type":"ListItem","position":2,"name":"Reserves","item":"https:\/\/www.xertarestaurant.com\/ca\/reserves\/"},{"@type":"ListItem","position":3,"name":"Formulari enviat"}]},{"@type":"WebSite","@id":"https:\/\/www.xertarestaurant.com\/#website","url":"https:\/\/www.xertarestaurant.com\/","name":"Xerta Restaurant","description":"Restaurante gastron\u00f3mico de autor en Barcelona","publisher":{"@id":"https:\/\/www.xertarestaurant.com\/#organization"},"potentialAction":[{"@type":"SearchAction","target":{"@type":"EntryPoint","urlTemplate":"https:\/\/www.xertarestaurant.com\/?s={search_term_string}"},"query-input":{"@type":"PropertyValueSpecification","valueRequired":true,"valueName":"search_term_string"}}],"inLanguage":"ca"},{"@type":"Organization","@id":"https:\/\/www.xertarestaurant.com\/#organization","name":"Xerta Restaurant","url":"https:\/\/www.xertarestaurant.com\/","logo":{"@type":"ImageObject","inLanguage":"ca","@id":"https:\/\/www.xertarestaurant.com\/#\/schema\/logo\/image\/","url":"https:\/\/www.xertarestaurant.com\/wp-content\/uploads\/2020\/01\/xerta-restaurant-barcelona-logo-1-1.svg","contentUrl":"https:\/\/www.xertarestaurant.com\/wp-content\/uploads\/2020\/01\/xerta-restaurant-barcelona-logo-1-1.svg","width":1,"height":1,"caption":"Xerta Restaurant"},"image":{"@id":"https:\/\/www.xertarestaurant.com\/#\/schema\/logo\/image\/"},"sameAs":["https:\/\/www.facebook.com\/xertarestaurant","https:\/\/x.com\/XertaBarcelona","https:\/\/www.instagram.com\/xertarestaurant"]}]}},"_links":{"self":[{"href":"https:\/\/www.xertarestaurant.com\/ca\/wp-json\/wp\/v2\/pages\/7656","targetHints":{"allow":["GET"]}}],"collection":[{"href":"https:\/\/www.xertarestaurant.com\/ca\/wp-json\/wp\/v2\/pages"}],"about":[{"href":"https:\/\/www.xertarestaurant.com\/ca\/wp-json\/wp\/v2\/types\/page"}],"author":[{"embeddable":true,"href":"https:\/\/www.xertarestaurant.com\/ca\/wp-json\/wp\/v2\/users\/1"}],"replies":[{"embeddable":true,"href":"https:\/\/www.xertarestaurant.com\/ca\/wp-json\/wp\/v2\/comments?post=7656"}],"version-history":[{"count":0,"href":"https:\/\/www.xertarestaurant.com\/ca\/wp-json\/wp\/v2\/pages\/7656\/revisions"}],"up":[{"embeddable":true,"href":"https:\/\/www.xertarestaurant.com\/ca\/wp-json\/wp\/v2\/pages\/4933"}],"wp:attachment":[{"href":"https:\/\/www.xertarestaurant.com\/ca\/wp-json\/wp\/v2\/media?parent=7656"}],"curies":[{"name":"wp","href":"https:\/\/api.w.org\/{rel}","templated":true}]}}