{"id":4935,"date":"2016-01-29T02:16:53","date_gmt":"2016-01-29T01:16:53","guid":{"rendered":"http:\/\/localhost\/xerta\/restaurante-barcelona\/?lang=ca"},"modified":"2026-03-12T20:05:33","modified_gmt":"2026-03-12T19:05:33","slug":"restaurant-barcelona","status":"publish","type":"page","link":"https:\/\/www.xertarestaurant.com\/ca\/restaurant-barcelona\/","title":{"rendered":"Restaurant"},"content":{"rendered":"[vc_row el_class=&#8221;row-eq-height&#8221;][vc_column width=&#8221;1\/2&#8243; css=&#8221;.vc_custom_1454029368917{padding-top: 5% !important;padding-right: 3% !important;padding-bottom: 5% !important;}&#8221;]<h2 class=\"calluna-heading calluna-heading-single-line text-align-left \" ><span>Cuina d\u2019autor<\/span><\/h2>[vc_column_text]Xerta Restaurant, restaurant gastron\u00f2mic a Barcelona, proposa una cuina d\u2019autor que combina t\u00e8cnica, producte i creativitat, mantenint l\u2019ess\u00e8ncia de la tradici\u00f3 culin\u00e0ria de les Terres de l\u2019Ebre.<\/p>\n<p>Al capdavant de la cuina hi ha el xef Jos\u00e9 Guadalupe, xef mexic\u00e0 format durant vuit anys a la casa i responsable del projecte des del 2024.[\/vc_column_text][vc_empty_space][\/vc_column][vc_column width=&#8221;1\/2&#8243; css=&#8221;.vc_custom_1454029375498{padding-top: 5% !important;padding-right: 2% !important;padding-bottom: 5% !important;}&#8221;]<h2 class=\"calluna-heading calluna-heading-single-line text-align-left \" ><span>Des del cor del Delta<\/span><\/h2>[vc_column_text]La proposta gastron\u00f2mica es basa en el respecte pel producte de qualitat i de proximitat, reinterpretat amb una mirada contempor\u00e0nia que connecta les arrels del Delta de l\u2019Ebre amb la sensibilitat i l\u2019her\u00e8ncia culin\u00e0ria mexicana del xef.<\/p>\n<p>Ambaixador de la cuina del Yucat\u00e1n, Jos\u00e9 Guadalupe aporta una identitat pr\u00f2pia que enriqueix l\u2019experi\u00e8ncia gastron\u00f2mica de Xerta al cor de l\u2019Eixample de Barcelona.[\/vc_column_text][vc_empty_space][\/vc_column][\/vc_row][vc_row][vc_column][vc_column_text]\n[\/vc_column_text][\/vc_column][\/vc_row][vc_row][vc_column][vc_row_inner equal_height=&#8221;yes&#8221; content_placement=&#8221;middle&#8221; gap=&#8221;35&#8243; css=&#8221;.vc_custom_1773339666540{margin-bottom: 3% !important;}&#8221;][vc_column_inner width=&#8221;1\/3&#8243; css=&#8221;.vc_custom_1773339756755{border-top-width: 2px !important;border-right-width: 2px !important;border-bottom-width: 2px !important;border-left-width: 2px !important;padding-top: 20px !important;padding-right: 20px !important;padding-bottom: 20px !important;padding-left: 20px !important;border-left-color: #9e9e9e !important;border-left-style: solid !important;border-right-color: #9e9e9e !important;border-right-style: solid !important;border-top-color: #9e9e9e !important;border-top-style: solid !important;border-bottom-color: #9e9e9e !important;border-bottom-style: solid !important;}&#8221;][vc_column_text]\n<h3 style=\"text-align: center;\">Men\u00fa de temporada<\/h3>\n<p style=\"text-align: center;\">El Men\u00fa de temporada de Xerta Restaurant proposa una experi\u00e8ncia gastron\u00f2mica basada en ingredients frescos i en el respecte pel producte. A trav\u00e9s d\u2019una selecci\u00f3 de plats elaborats amb productes escollits, el men\u00fa combina tradici\u00f3 i creativitat amb sabors inspirats en la cuina del Delta de l\u2019Ebre.<\/p>\n[\/vc_column_text][vc_empty_space][vc_btn title=&#8221;VEURE MEN\u00da&#8221; style=&#8221;outline-custom&#8221; outline_custom_color=&#8221;#444444&#8243; outline_custom_hover_background=&#8221;#444444&#8243; outline_custom_hover_text=&#8221;#ffffff&#8221; shape=&#8221;square&#8221; align=&#8221;center&#8221; link=&#8221;url:https%3A%2F%2Fwww.xertarestaurant.com%2Fca%2Fmenu-de-temporada%2F&#8221;][vc_empty_space height=&#8221;25px&#8221;][vc_btn title=&#8221;RESERVAR&#8221; style=&#8221;outline-custom&#8221; outline_custom_color=&#8221;#444444&#8243; outline_custom_hover_background=&#8221;#444444&#8243; outline_custom_hover_text=&#8221;#ffffff&#8221; shape=&#8221;square&#8221; align=&#8221;center&#8221; link=&#8221;url:https%3A%2F%2Fwww.xertarestaurant.com%2Fca%2Freserves%2F&#8221;][\/vc_column_inner][vc_column_inner width=&#8221;1\/3&#8243; css=&#8221;.vc_custom_1773340007283{border-top-width: 2px !important;border-right-width: 2px !important;border-bottom-width: 2px !important;border-left-width: 2px !important;padding-top: 20px !important;padding-right: 20px !important;padding-bottom: 20px !important;padding-left: 20px !important;border-left-color: #9e9e9e !important;border-left-style: solid !important;border-right-color: #9e9e9e !important;border-right-style: solid !important;border-top-color: #9e9e9e !important;border-top-style: solid !important;border-bottom-color: #9e9e9e !important;border-bottom-style: solid !important;}&#8221;][vc_column_text]\n<h3 style=\"text-align: center;\">Men\u00fa Delta<\/h3>\n<p style=\"text-align: center;\">El Men\u00fa Delta de Xerta Restaurant proposa un recorregut gastron\u00f2mic inspirat en els sabors i productes del Delta de l\u2019Ebre. A trav\u00e9s d\u2019ingredients seleccionats i elaboracions que respecten el producte, aquest men\u00fa reflecteix la riquesa culin\u00e0ria d\u2019un territori marcat pel mar, l\u2019arr\u00f2s i els productes de temporada.<\/p>\n[\/vc_column_text][vc_empty_space][vc_btn title=&#8221;VEURE MEN\u00da&#8221; style=&#8221;outline-custom&#8221; outline_custom_color=&#8221;#444444&#8243; outline_custom_hover_background=&#8221;#444444&#8243; outline_custom_hover_text=&#8221;#ffffff&#8221; shape=&#8221;square&#8221; align=&#8221;center&#8221; link=&#8221;url:https%3A%2F%2Fwww.xertarestaurant.com%2Fca%2Fmenu-delta%2F&#8221;][vc_empty_space height=&#8221;25px&#8221;][vc_btn title=&#8221;RESERVAR&#8221; style=&#8221;outline-custom&#8221; outline_custom_color=&#8221;#444444&#8243; outline_custom_hover_background=&#8221;#444444&#8243; outline_custom_hover_text=&#8221;#ffffff&#8221; shape=&#8221;square&#8221; align=&#8221;center&#8221; link=&#8221;url:https%3A%2F%2Fwww.xertarestaurant.com%2Fca%2Freserves%2F&#8221;][\/vc_column_inner][vc_column_inner width=&#8221;1\/3&#8243; css=&#8221;.vc_custom_1773339893099{border-top-width: 2px !important;border-right-width: 2px !important;border-bottom-width: 2px !important;border-left-width: 2px !important;padding-top: 20px !important;padding-right: 20px !important;padding-bottom: 20px !important;padding-left: 20px !important;border-left-color: #939393 !important;border-left-style: solid !important;border-right-color: #939393 !important;border-right-style: solid !important;border-top-color: #939393 !important;border-top-style: solid !important;border-bottom-color: #939393 !important;border-bottom-style: solid !important;}&#8221;][vc_column_text]\n<h3 style=\"text-align: center;\">Men\u00fa de producte<\/h3>\n<p style=\"text-align: center;\">El Men\u00fa de Producte de Xerta Restaurant proposa una experi\u00e8ncia gastron\u00f2mica centrada en ingredients de temporada i en el respecte pel sabor natural de cada producte. A trav\u00e9s d\u2019una selecci\u00f3 de plats elaborats amb cura i equilibri, el men\u00fa posa en valor peixos, mariscs, arrossos i verdures que marquen el ritme de la cuina segons la temporada.<\/p>\n[\/vc_column_text][vc_empty_space][vc_btn title=&#8221;VEURE MEN\u00da&#8221; style=&#8221;outline-custom&#8221; outline_custom_color=&#8221;#444444&#8243; outline_custom_hover_background=&#8221;#444444&#8243; outline_custom_hover_text=&#8221;#ffffff&#8221; shape=&#8221;square&#8221; align=&#8221;center&#8221; link=&#8221;url:https%3A%2F%2Fwww.xertarestaurant.com%2Fca%2Fmenu-de-producte%2F&#8221;][vc_empty_space height=&#8221;25px&#8221;][vc_btn title=&#8221;RESERVAR&#8221; style=&#8221;outline-custom&#8221; outline_custom_color=&#8221;#444444&#8243; outline_custom_hover_background=&#8221;#444444&#8243; outline_custom_hover_text=&#8221;#ffffff&#8221; shape=&#8221;square&#8221; align=&#8221;center&#8221; link=&#8221;url:https%3A%2F%2Fwww.xertarestaurant.com%2Fca%2Freserves%2F&#8221;][\/vc_column_inner][\/vc_row_inner][\/vc_column][\/vc_row][vc_row][vc_column][vc_column_text]\n[\/vc_column_text][\/vc_column][\/vc_row][vc_row full_width=&#8221;stretch_row_content&#8221; el_class=&#8221;row-eq-height&#8221; css=&#8221;.vc_custom_1773072595172{background-color: #a0a0a0 !important;}&#8221;][vc_column width=&#8221;1\/2&#8243; css=&#8221;.vc_custom_1773340225428{padding-top: 4% !important;padding-right: 4% !important;padding-bottom: 4% !important;padding-left: 8% !important;background-image: url(https:\/\/www.xertarestaurant.com\/wp-content\/uploads\/2024\/11\/WEB-Xerta-Restaurante-Barcelona-20231018-0017-2.jpg?id=29924) !important;background-position: center !important;background-repeat: no-repeat !important;background-size: cover !important;}&#8221; el_class=&#8221;vertical-align&#8221;][vc_empty_space height=&#8221;450px&#8221;][\/vc_column][vc_column width=&#8221;1\/2&#8243; el_class=&#8221;vertical-align&#8221; css=&#8221;.vc_custom_1773072302252{padding-top: 4% !important;padding-right: 4% !important;padding-bottom: 4% !important;padding-left: 6% !important;background-color: #a0a0a0 !important;}&#8221;]<h2 class=\"calluna-heading calluna-heading-single-line text-align-left \" style=\"color: #ffffff;\"><span>REGALA XERTA<\/span><\/h2>[vc_column_text css_animation=&#8221;top-to-bottom&#8221;]\n<p><span style=\"color: #ffffff;\">Sorpr\u00e8n aquella persona especial amb una experi\u00e8ncia gastron\u00f2mica al cor de Barcelona. Els nostres men\u00fas degustaci\u00f3, inspirats en la cuina de les Terres de l\u2019Ebre i en el producte de temporada, conviden a descobrir una proposta culin\u00e0ria on el territori, la creativitat i el respecte pel producte es troben.<\/span><\/p>\n<p><span style=\"color: #ffffff;\">A trav\u00e9s dels nostres xecs regal podr\u00e0s compartir una experi\u00e8ncia \u00fanica a Xerta Restaurant, ideal per celebrar moments especials al voltant de la taula.<\/span><\/p>\n[\/vc_column_text][vc_btn title=&#8221;REGALAR EXPERI\u00c8NCIA&#8221; style=&#8221;outline-custom&#8221; outline_custom_color=&#8221;#ffffff&#8221; outline_custom_hover_background=&#8221;#c4c4c4&#8243; outline_custom_hover_text=&#8221;#ffffff&#8221; shape=&#8221;square&#8221; size=&#8221;lg&#8221; align=&#8221;left&#8221; link=&#8221;url:https%3A%2F%2Fregala.xertarestaurant.com%2F|target:_blank&#8221; css=&#8221;.vc_custom_1773341763095{margin-top: 5% !important;}&#8221;][\/vc_column][\/vc_row]\n","protected":false},"excerpt":{"rendered":"<p>[vc_row el_class=&#8221;row-eq-height&#8221;][vc_column width=&#8221;1\/2&#8243; css=&#8221;.vc_custom_1454029368917{padding-top: 5% !important;padding-right: 3% !important;padding-bottom: 5% !important;}&#8221;][vc_column_text]Xerta Restaurant, restaurant gastron\u00f2mic a Barcelona, proposa una cuina d\u2019autor que combina t\u00e8cnica, producte i creativitat, mantenint l\u2019ess\u00e8ncia de la tradici\u00f3 culin\u00e0ria de les Terres de l\u2019Ebre. Al capdavant de la cuina hi ha el xef Jos\u00e9 Guadalupe, xef mexic\u00e0 format durant vuit anys a la [&hellip;]<\/p>\n","protected":false},"author":1,"featured_media":30111,"parent":0,"menu_order":0,"comment_status":"closed","ping_status":"closed","template":"","meta":{"_monsterinsights_skip_tracking":false,"_monsterinsights_sitenote_active":false,"_monsterinsights_sitenote_note":"","_monsterinsights_sitenote_category":0,"footnotes":""},"class_list":["post-4935","page","type-page","status-publish","has-post-thumbnail","hentry"],"yoast_head":"<!-- This site is optimized with the Yoast SEO plugin v27.2 - https:\/\/yoast.com\/product\/yoast-seo-wordpress\/ -->\n<title>Xerta Restaurant | Restaurant gastron\u00f2mic a Barcelona<\/title>\n<meta name=\"description\" content=\"Restaurant gastron\u00f2mic a Barcelona amb cuina d\u2019autor basada en el producte fresc del Delta de l\u2019Ebre: arrossos, peix de llotja i marisc.\" \/>\n<meta name=\"robots\" content=\"index, follow, max-snippet:-1, max-image-preview:large, max-video-preview:-1\" \/>\n<link rel=\"canonical\" href=\"https:\/\/www.xertarestaurant.com\/ca\/restaurant-barcelona\/\" \/>\n<meta property=\"og:locale\" content=\"ca_ES\" \/>\n<meta property=\"og:type\" content=\"article\" \/>\n<meta property=\"og:title\" content=\"Xerta Restaurant | Restaurant gastron\u00f2mic a Barcelona\" \/>\n<meta property=\"og:description\" content=\"Restaurant gastron\u00f2mic a Barcelona amb cuina d\u2019autor basada en el producte fresc del Delta de l\u2019Ebre: arrossos, peix de llotja i marisc.\" \/>\n<meta property=\"og:url\" content=\"https:\/\/www.xertarestaurant.com\/ca\/restaurant-barcelona\/\" \/>\n<meta property=\"og:site_name\" content=\"Xerta Restaurant\" \/>\n<meta property=\"article:publisher\" content=\"https:\/\/www.facebook.com\/xertarestaurant\" \/>\n<meta property=\"article:modified_time\" content=\"2026-03-12T19:05:33+00:00\" \/>\n<meta property=\"og:image\" content=\"https:\/\/www.xertarestaurant.com\/wp-content\/uploads\/2024\/11\/WEB-Xerta-Restaurante-20240710-Barcelona-MoneoMoneo-0015.jpg\" \/>\n\t<meta property=\"og:image:width\" content=\"2048\" \/>\n\t<meta property=\"og:image:height\" content=\"2560\" \/>\n\t<meta property=\"og:image:type\" content=\"image\/jpeg\" \/>\n<meta name=\"twitter:card\" content=\"summary_large_image\" \/>\n<meta name=\"twitter:site\" content=\"@XertaBarcelona\" \/>\n<meta name=\"twitter:label1\" content=\"Temps estimat de lectura\" \/>\n\t<meta name=\"twitter:data1\" content=\"4 minuts\" \/>\n<script type=\"application\/ld+json\" class=\"yoast-schema-graph\">{\"@context\":\"https:\/\/schema.org\",\"@graph\":[{\"@type\":\"WebPage\",\"@id\":\"https:\/\/www.xertarestaurant.com\/ca\/restaurant-barcelona\/\",\"url\":\"https:\/\/www.xertarestaurant.com\/ca\/restaurant-barcelona\/\",\"name\":\"Xerta Restaurant | Restaurant gastron\u00f2mic a Barcelona\",\"isPartOf\":{\"@id\":\"https:\/\/www.xertarestaurant.com\/#website\"},\"primaryImageOfPage\":{\"@id\":\"https:\/\/www.xertarestaurant.com\/ca\/restaurant-barcelona\/#primaryimage\"},\"image\":{\"@id\":\"https:\/\/www.xertarestaurant.com\/ca\/restaurant-barcelona\/#primaryimage\"},\"thumbnailUrl\":\"https:\/\/www.xertarestaurant.com\/wp-content\/uploads\/2024\/11\/WEB-Xerta-Restaurante-20240710-Barcelona-MoneoMoneo-0015.jpg\",\"datePublished\":\"2016-01-29T01:16:53+00:00\",\"dateModified\":\"2026-03-12T19:05:33+00:00\",\"description\":\"Restaurant gastron\u00f2mic a Barcelona amb cuina d\u2019autor basada en el producte fresc del Delta de l\u2019Ebre: arrossos, peix de llotja i marisc.\",\"breadcrumb\":{\"@id\":\"https:\/\/www.xertarestaurant.com\/ca\/restaurant-barcelona\/#breadcrumb\"},\"inLanguage\":\"ca\",\"potentialAction\":[{\"@type\":\"ReadAction\",\"target\":[\"https:\/\/www.xertarestaurant.com\/ca\/restaurant-barcelona\/\"]}]},{\"@type\":\"ImageObject\",\"inLanguage\":\"ca\",\"@id\":\"https:\/\/www.xertarestaurant.com\/ca\/restaurant-barcelona\/#primaryimage\",\"url\":\"https:\/\/www.xertarestaurant.com\/wp-content\/uploads\/2024\/11\/WEB-Xerta-Restaurante-20240710-Barcelona-MoneoMoneo-0015.jpg\",\"contentUrl\":\"https:\/\/www.xertarestaurant.com\/wp-content\/uploads\/2024\/11\/WEB-Xerta-Restaurante-20240710-Barcelona-MoneoMoneo-0015.jpg\",\"width\":2048,\"height\":2560,\"caption\":\"Restaurante gastronomico barcelona xert arestaurant menu delta menu producto menu temporada delta del ebro\"},{\"@type\":\"BreadcrumbList\",\"@id\":\"https:\/\/www.xertarestaurant.com\/ca\/restaurant-barcelona\/#breadcrumb\",\"itemListElement\":[{\"@type\":\"ListItem\",\"position\":1,\"name\":\"Portada\",\"item\":\"https:\/\/www.xertarestaurant.com\/ca\/\"},{\"@type\":\"ListItem\",\"position\":2,\"name\":\"Restaurant\"}]},{\"@type\":\"WebSite\",\"@id\":\"https:\/\/www.xertarestaurant.com\/#website\",\"url\":\"https:\/\/www.xertarestaurant.com\/\",\"name\":\"Xerta Restaurant\",\"description\":\"Restaurante gastron\u00f3mico de autor en Barcelona\",\"publisher\":{\"@id\":\"https:\/\/www.xertarestaurant.com\/#organization\"},\"potentialAction\":[{\"@type\":\"SearchAction\",\"target\":{\"@type\":\"EntryPoint\",\"urlTemplate\":\"https:\/\/www.xertarestaurant.com\/?s={search_term_string}\"},\"query-input\":{\"@type\":\"PropertyValueSpecification\",\"valueRequired\":true,\"valueName\":\"search_term_string\"}}],\"inLanguage\":\"ca\"},{\"@type\":\"Organization\",\"@id\":\"https:\/\/www.xertarestaurant.com\/#organization\",\"name\":\"Xerta Restaurant\",\"url\":\"https:\/\/www.xertarestaurant.com\/\",\"logo\":{\"@type\":\"ImageObject\",\"inLanguage\":\"ca\",\"@id\":\"https:\/\/www.xertarestaurant.com\/#\/schema\/logo\/image\/\",\"url\":\"https:\/\/www.xertarestaurant.com\/wp-content\/uploads\/2020\/01\/xerta-restaurant-barcelona-logo-1-1.svg\",\"contentUrl\":\"https:\/\/www.xertarestaurant.com\/wp-content\/uploads\/2020\/01\/xerta-restaurant-barcelona-logo-1-1.svg\",\"width\":1,\"height\":1,\"caption\":\"Xerta Restaurant\"},\"image\":{\"@id\":\"https:\/\/www.xertarestaurant.com\/#\/schema\/logo\/image\/\"},\"sameAs\":[\"https:\/\/www.facebook.com\/xertarestaurant\",\"https:\/\/x.com\/XertaBarcelona\",\"https:\/\/www.instagram.com\/xertarestaurant\"]}]}<\/script>\n<!-- \/ Yoast SEO plugin. -->","yoast_head_json":{"title":"Xerta Restaurant | Restaurant gastron\u00f2mic a Barcelona","description":"Restaurant gastron\u00f2mic a Barcelona amb cuina d\u2019autor basada en el producte fresc del Delta de l\u2019Ebre: arrossos, peix de llotja i marisc.","robots":{"index":"index","follow":"follow","max-snippet":"max-snippet:-1","max-image-preview":"max-image-preview:large","max-video-preview":"max-video-preview:-1"},"canonical":"https:\/\/www.xertarestaurant.com\/ca\/restaurant-barcelona\/","og_locale":"ca_ES","og_type":"article","og_title":"Xerta Restaurant | Restaurant gastron\u00f2mic a Barcelona","og_description":"Restaurant gastron\u00f2mic a Barcelona amb cuina d\u2019autor basada en el producte fresc del Delta de l\u2019Ebre: arrossos, peix de llotja i marisc.","og_url":"https:\/\/www.xertarestaurant.com\/ca\/restaurant-barcelona\/","og_site_name":"Xerta Restaurant","article_publisher":"https:\/\/www.facebook.com\/xertarestaurant","article_modified_time":"2026-03-12T19:05:33+00:00","og_image":[{"width":2048,"height":2560,"url":"https:\/\/www.xertarestaurant.com\/wp-content\/uploads\/2024\/11\/WEB-Xerta-Restaurante-20240710-Barcelona-MoneoMoneo-0015.jpg","type":"image\/jpeg"}],"twitter_card":"summary_large_image","twitter_site":"@XertaBarcelona","twitter_misc":{"Temps estimat de lectura":"4 minuts"},"schema":{"@context":"https:\/\/schema.org","@graph":[{"@type":"WebPage","@id":"https:\/\/www.xertarestaurant.com\/ca\/restaurant-barcelona\/","url":"https:\/\/www.xertarestaurant.com\/ca\/restaurant-barcelona\/","name":"Xerta Restaurant | Restaurant gastron\u00f2mic a Barcelona","isPartOf":{"@id":"https:\/\/www.xertarestaurant.com\/#website"},"primaryImageOfPage":{"@id":"https:\/\/www.xertarestaurant.com\/ca\/restaurant-barcelona\/#primaryimage"},"image":{"@id":"https:\/\/www.xertarestaurant.com\/ca\/restaurant-barcelona\/#primaryimage"},"thumbnailUrl":"https:\/\/www.xertarestaurant.com\/wp-content\/uploads\/2024\/11\/WEB-Xerta-Restaurante-20240710-Barcelona-MoneoMoneo-0015.jpg","datePublished":"2016-01-29T01:16:53+00:00","dateModified":"2026-03-12T19:05:33+00:00","description":"Restaurant gastron\u00f2mic a Barcelona amb cuina d\u2019autor basada en el producte fresc del Delta de l\u2019Ebre: arrossos, peix de llotja i marisc.","breadcrumb":{"@id":"https:\/\/www.xertarestaurant.com\/ca\/restaurant-barcelona\/#breadcrumb"},"inLanguage":"ca","potentialAction":[{"@type":"ReadAction","target":["https:\/\/www.xertarestaurant.com\/ca\/restaurant-barcelona\/"]}]},{"@type":"ImageObject","inLanguage":"ca","@id":"https:\/\/www.xertarestaurant.com\/ca\/restaurant-barcelona\/#primaryimage","url":"https:\/\/www.xertarestaurant.com\/wp-content\/uploads\/2024\/11\/WEB-Xerta-Restaurante-20240710-Barcelona-MoneoMoneo-0015.jpg","contentUrl":"https:\/\/www.xertarestaurant.com\/wp-content\/uploads\/2024\/11\/WEB-Xerta-Restaurante-20240710-Barcelona-MoneoMoneo-0015.jpg","width":2048,"height":2560,"caption":"Restaurante gastronomico barcelona xert arestaurant menu delta menu producto menu temporada delta del ebro"},{"@type":"BreadcrumbList","@id":"https:\/\/www.xertarestaurant.com\/ca\/restaurant-barcelona\/#breadcrumb","itemListElement":[{"@type":"ListItem","position":1,"name":"Portada","item":"https:\/\/www.xertarestaurant.com\/ca\/"},{"@type":"ListItem","position":2,"name":"Restaurant"}]},{"@type":"WebSite","@id":"https:\/\/www.xertarestaurant.com\/#website","url":"https:\/\/www.xertarestaurant.com\/","name":"Xerta Restaurant","description":"Restaurante gastron\u00f3mico de autor en Barcelona","publisher":{"@id":"https:\/\/www.xertarestaurant.com\/#organization"},"potentialAction":[{"@type":"SearchAction","target":{"@type":"EntryPoint","urlTemplate":"https:\/\/www.xertarestaurant.com\/?s={search_term_string}"},"query-input":{"@type":"PropertyValueSpecification","valueRequired":true,"valueName":"search_term_string"}}],"inLanguage":"ca"},{"@type":"Organization","@id":"https:\/\/www.xertarestaurant.com\/#organization","name":"Xerta Restaurant","url":"https:\/\/www.xertarestaurant.com\/","logo":{"@type":"ImageObject","inLanguage":"ca","@id":"https:\/\/www.xertarestaurant.com\/#\/schema\/logo\/image\/","url":"https:\/\/www.xertarestaurant.com\/wp-content\/uploads\/2020\/01\/xerta-restaurant-barcelona-logo-1-1.svg","contentUrl":"https:\/\/www.xertarestaurant.com\/wp-content\/uploads\/2020\/01\/xerta-restaurant-barcelona-logo-1-1.svg","width":1,"height":1,"caption":"Xerta Restaurant"},"image":{"@id":"https:\/\/www.xertarestaurant.com\/#\/schema\/logo\/image\/"},"sameAs":["https:\/\/www.facebook.com\/xertarestaurant","https:\/\/x.com\/XertaBarcelona","https:\/\/www.instagram.com\/xertarestaurant"]}]}},"_links":{"self":[{"href":"https:\/\/www.xertarestaurant.com\/ca\/wp-json\/wp\/v2\/pages\/4935","targetHints":{"allow":["GET"]}}],"collection":[{"href":"https:\/\/www.xertarestaurant.com\/ca\/wp-json\/wp\/v2\/pages"}],"about":[{"href":"https:\/\/www.xertarestaurant.com\/ca\/wp-json\/wp\/v2\/types\/page"}],"author":[{"embeddable":true,"href":"https:\/\/www.xertarestaurant.com\/ca\/wp-json\/wp\/v2\/users\/1"}],"replies":[{"embeddable":true,"href":"https:\/\/www.xertarestaurant.com\/ca\/wp-json\/wp\/v2\/comments?post=4935"}],"version-history":[{"count":0,"href":"https:\/\/www.xertarestaurant.com\/ca\/wp-json\/wp\/v2\/pages\/4935\/revisions"}],"wp:featuredmedia":[{"embeddable":true,"href":"https:\/\/www.xertarestaurant.com\/ca\/wp-json\/wp\/v2\/media\/30111"}],"wp:attachment":[{"href":"https:\/\/www.xertarestaurant.com\/ca\/wp-json\/wp\/v2\/media?parent=4935"}],"curies":[{"name":"wp","href":"https:\/\/api.w.org\/{rel}","templated":true}]}}