{"id":4933,"date":"2015-09-06T15:09:02","date_gmt":"2015-09-06T14:09:02","guid":{"rendered":"http:\/\/localhost\/xerta\/reservas\/?lang=ca"},"modified":"2026-03-30T16:37:40","modified_gmt":"2026-03-30T15:37:40","slug":"reserves","status":"publish","type":"page","link":"https:\/\/www.xertarestaurant.com\/ca\/reserves\/","title":{"rendered":"Reserves"},"content":{"rendered":"[vc_row][vc_column]<h2 class=\"calluna-heading calluna-heading-single-line text-align-left \" ><span>Xerta Restaurant<\/span><\/h2>[\/vc_column][\/vc_row][vc_row css=&#8221;.vc_custom_1512386588866{margin-bottom: 3% !important;}&#8221;][vc_column width=&#8221;1\/2&#8243;][vc_column_text css=&#8221;.vc_custom_1736258907847{margin-bottom: 3% !important;}&#8221;]\n<div class=\"wpb_text_column wpb_content_element \">\n<div class=\"wpb_wrapper\">\n<p>Xerta Restaurant es un restaurant premiat amb 1 Estrella Michelin <span id=\"result_box\" lang=\"ca\" tabindex=\"-1\">des de 2016 fins al 2024<\/span>.<br \/>\nXerta Restaurant \u00e9s una finestra oberta dedicada a la cuina de les Terres de l\u2019Ebre i est\u00e0 ubicat a l\u2019Hotel Ohla Eixample de Barcelona.<br \/>\nEl departament de reserves rebr\u00e0 aquesta sol\u00b7licitud i li confirmar\u00e0 la seva reserva.<\/p>\n<\/div>\n<\/div>\n[\/vc_column_text][\/vc_column][vc_column width=&#8221;1\/2&#8243;][vc_column_text css=&#8221;.vc_custom_1680194729194{border-top-width: 1px !important;border-right-width: 1px !important;border-bottom-width: 1px !important;border-left-width: 1px !important;padding-top: 3% !important;padding-right: 3% !important;padding-bottom: 3% !important;padding-left: 3% !important;border-left-color: #444444 !important;border-left-style: solid !important;border-right-color: #444444 !important;border-right-style: solid !important;border-top-color: #444444 !important;border-top-style: solid !important;border-bottom-color: #444444 !important;border-bottom-style: solid !important;border-radius: 1px !important;}&#8221;]\n<ul>\n<li>Codi de vestimenta. Smart Casual. No es permet pantalons curts, xancletes o samarreta d\u2019esport.<\/li>\n<li>Si t\u00e9 al\u00b7l\u00e8rgies o intoler\u00e0ncies, \u00e9s absolutament necessari que parli amb nosaltres abans de fer la seva reserva.No disposem de men\u00fas vegetarians o vegans.<\/li>\n<li>Recordi que la seva reserva \u00e9s de taula, no d\u2019ubicaci\u00f3<\/li>\n<\/ul>\n[\/vc_column_text][\/vc_column][\/vc_row][vc_row][vc_column width=&#8221;1\/6&#8243; css=&#8221;.vc_custom_1680194367215{padding-top: 2% !important;padding-right: 2% !important;padding-bottom: 2% !important;padding-left: 2% !important;}&#8221;][\/vc_column][vc_column width=&#8221;2\/3&#8243; css=&#8221;.vc_custom_1680194381285{padding-top: 2% !important;padding-right: 2% !important;padding-bottom: 2% !important;padding-left: 2% !important;background-color: #757575 !important;}&#8221;][vc_column_text css=&#8221;.vc_custom_1736258915702{margin-bottom: 5% !important;}&#8221;]\n<p style=\"text-align: center;\"><span style=\"color: #ffffff;\">\u2192 Per a taules de m\u00e9s de quatre persones no estar\u00e0 disponible el servei de carta.<\/span>[\/vc_column_text][\/vc_column][vc_column width=&#8221;1\/6&#8243;][\/vc_column][\/vc_row][vc_row][vc_column width=&#8221;1\/6&#8243;][\/vc_column][vc_column width=&#8221;2\/3&#8243; css=&#8221;.vc_custom_1680194433784{border-top-width: 1px !important;border-right-width: 1px !important;border-bottom-width: 1px !important;border-left-width: 1px !important;border-left-color: #757575 !important;border-left-style: solid !important;border-right-color: #757575 !important;border-right-style: solid !important;border-top-color: #757575 !important;border-top-style: solid !important;border-bottom-color: #757575 !important;border-bottom-style: solid !important;border-radius: 1px !important;}&#8221;][vc_raw_html]JTNDaWZyYW1lJTIwc3JjJTNEJTIyaHR0cHMlM0ElMkYlMkZtb2R1bGUubGFmb3VyY2hldHRlLmNvbSUyRmVzX0VTJTJGbW9kdWxlJTJGMjY2NTc1LWZjOTE0JTIyJTIwc3R5bGUlM0QlMjJ3aWR0aCUzQSUyMDEwMCUyNSUzQiUyMG1pbi1oZWlnaHQlM0E5MDBweCUzQiUyMGJvcmRlciUzQW5vbmUlM0IlMjBzY3JvbGxpbmclM0F5ZXMlM0IlMjIlM0UlM0MlMkZpZnJhbWUlM0U=[\/vc_raw_html][\/vc_column][vc_column width=&#8221;1\/6&#8243;][\/vc_column][\/vc_row][vc_row equal_height=&#8221;yes&#8221; css=&#8221;.vc_custom_1680194155252{margin-top: 3% !important;padding-bottom: 3% !important;}&#8221;][vc_column width=&#8221;1\/3&#8243;]\n        <div class=\"calluna-icon-box clr calluna-icon-box-four align-center\">\n                            <img decoding=\"async\" class=\"calluna-icon-box-four-img-alt\" src=\"https:\/\/www.xertarestaurant.com\/wp-content\/uploads\/2015\/09\/hotel-villa-retiro-contacto-xerta-terres-del-ebre-blau.svg\" alt=\"ADRE\u00c7A\" style=\"width:80px;\" \/>\n                            <h4 class=\"calluna-icon-box-four-heading text-transform-capitalize\" style=color:#444444;>\n                    ADRE\u00c7A                <\/h4>\n                            <div class=\"calluna-icon-box-four-content clr\">\n                    <p><a href=\"https:\/\/maps.app.goo.gl\/3EZtbt4YYeXhXzsv7\" target=\"_blank\" rel=\"noopener\">C\u00f2rsega 289<\/a><br \/>\n08008 Barcelona<\/p>\n<p>\u00a0<\/p>\n                <\/div>\n                    <\/div>\n        \n        [\/vc_column][vc_column width=&#8221;1\/3&#8243;]\n        <div class=\"calluna-icon-box clr calluna-icon-box-four align-center\">\n                            <img decoding=\"async\" class=\"calluna-icon-box-four-img-alt\" src=\"https:\/\/www.xertarestaurant.com\/wp-content\/uploads\/2015\/09\/xerta-restaurant-restaurante-barcelona-horario.svg\" alt=\"HORARI\" style=\"width:80px;\" \/>\n                            <h4 class=\"calluna-icon-box-four-heading text-transform-capitalize\" style=color:#444444;>\n                    HORARI                <\/h4>\n                            <div class=\"calluna-icon-box-four-content clr\">\n                    <p>Horari: 13h -16h y 20h-23h.<br \/>\nDiumenge i dilluns tancat.<\/p>\n                <\/div>\n                    <\/div>\n        \n        [\/vc_column][vc_column width=&#8221;1\/3&#8243;]\n        <div class=\"calluna-icon-box clr calluna-icon-box-four align-center\">\n                            <img decoding=\"async\" class=\"calluna-icon-box-four-img-alt\" src=\"https:\/\/www.xertarestaurant.com\/wp-content\/uploads\/2015\/09\/hotel-villa-retiro-telefono-xerta-terres-del-ebre-blau.svg\" alt=\"TEL\u00c8FON\" style=\"width:80px;\" \/>\n                            <h4 class=\"calluna-icon-box-four-heading text-transform-capitalize\" style=color:#444444;>\n                    TEL\u00c8FON                <\/h4>\n                            <div class=\"calluna-icon-box-four-content clr\">\n                    <p>Reserva telef\u00f2nica:<br \/>\n<a href=\"tel:+34937379080\" target=\"_blank\" rel=\"noopener\">Telf. +34 937 37 90 80<\/a><\/p>\n                <\/div>\n                    <\/div>\n        \n        [\/vc_column][\/vc_row]\n","protected":false},"excerpt":{"rendered":"<p>[vc_row][vc_column][\/vc_column][\/vc_row][vc_row css=&#8221;.vc_custom_1512386588866{margin-bottom: 3% !important;}&#8221;][vc_column width=&#8221;1\/2&#8243;][vc_column_text css=&#8221;.vc_custom_1736258907847{margin-bottom: 3% !important;}&#8221;] Xerta Restaurant es un restaurant premiat amb 1 Estrella Michelin des de 2016 fins al 2024. Xerta Restaurant \u00e9s una finestra oberta dedicada a la cuina de les Terres de l\u2019Ebre i est\u00e0 ubicat a l\u2019Hotel Ohla Eixample de Barcelona. El departament de reserves rebr\u00e0 aquesta sol\u00b7licitud [&hellip;]<\/p>\n","protected":false},"author":1,"featured_media":0,"parent":0,"menu_order":0,"comment_status":"closed","ping_status":"closed","template":"","meta":{"_monsterinsights_skip_tracking":false,"_monsterinsights_sitenote_active":false,"_monsterinsights_sitenote_note":"","_monsterinsights_sitenote_category":0,"footnotes":""},"class_list":["post-4933","page","type-page","status-publish","hentry"],"yoast_head":"<!-- This site is optimized with the Yoast SEO plugin v27.2 - https:\/\/yoast.com\/product\/yoast-seo-wordpress\/ -->\n<title>Reserves - Xerta Restaurant<\/title>\n<meta name=\"description\" content=\"Xerta Restaurant t&#039;apropa a la cuina de les Terres de l&#039;Ebre. Reserva el teu restaurant a Barcelona.\" \/>\n<meta name=\"robots\" content=\"index, follow, max-snippet:-1, max-image-preview:large, max-video-preview:-1\" \/>\n<link rel=\"canonical\" href=\"https:\/\/www.xertarestaurant.com\/ca\/reserves\/\" \/>\n<meta property=\"og:locale\" content=\"ca_ES\" \/>\n<meta property=\"og:type\" content=\"article\" \/>\n<meta property=\"og:title\" content=\"Reserves - Xerta Restaurant\" \/>\n<meta property=\"og:description\" content=\"Xerta Restaurant t&#039;apropa a la cuina de les Terres de l&#039;Ebre. Reserva el teu restaurant a Barcelona.\" \/>\n<meta property=\"og:url\" content=\"https:\/\/www.xertarestaurant.com\/ca\/reserves\/\" \/>\n<meta property=\"og:site_name\" content=\"Xerta Restaurant\" \/>\n<meta property=\"article:publisher\" content=\"https:\/\/www.facebook.com\/xertarestaurant\" \/>\n<meta property=\"article:modified_time\" content=\"2026-03-30T15:37:40+00:00\" \/>\n<meta name=\"twitter:card\" content=\"summary_large_image\" \/>\n<meta name=\"twitter:site\" content=\"@XertaBarcelona\" \/>\n<meta name=\"twitter:label1\" content=\"Temps estimat de lectura\" \/>\n\t<meta name=\"twitter:data1\" content=\"2 minuts\" \/>\n<script type=\"application\/ld+json\" class=\"yoast-schema-graph\">{\"@context\":\"https:\/\/schema.org\",\"@graph\":[{\"@type\":\"WebPage\",\"@id\":\"https:\/\/www.xertarestaurant.com\/ca\/reserves\/\",\"url\":\"https:\/\/www.xertarestaurant.com\/ca\/reserves\/\",\"name\":\"Reserves - Xerta Restaurant\",\"isPartOf\":{\"@id\":\"https:\/\/www.xertarestaurant.com\/#website\"},\"datePublished\":\"2015-09-06T14:09:02+00:00\",\"dateModified\":\"2026-03-30T15:37:40+00:00\",\"description\":\"Xerta Restaurant t'apropa a la cuina de les Terres de l'Ebre. Reserva el teu restaurant a Barcelona.\",\"breadcrumb\":{\"@id\":\"https:\/\/www.xertarestaurant.com\/ca\/reserves\/#breadcrumb\"},\"inLanguage\":\"ca\",\"potentialAction\":[{\"@type\":\"ReadAction\",\"target\":[\"https:\/\/www.xertarestaurant.com\/ca\/reserves\/\"]}]},{\"@type\":\"BreadcrumbList\",\"@id\":\"https:\/\/www.xertarestaurant.com\/ca\/reserves\/#breadcrumb\",\"itemListElement\":[{\"@type\":\"ListItem\",\"position\":1,\"name\":\"Portada\",\"item\":\"https:\/\/www.xertarestaurant.com\/ca\/\"},{\"@type\":\"ListItem\",\"position\":2,\"name\":\"Reserves\"}]},{\"@type\":\"WebSite\",\"@id\":\"https:\/\/www.xertarestaurant.com\/#website\",\"url\":\"https:\/\/www.xertarestaurant.com\/\",\"name\":\"Xerta Restaurant\",\"description\":\"Restaurante gastron\u00f3mico de autor en Barcelona\",\"publisher\":{\"@id\":\"https:\/\/www.xertarestaurant.com\/#organization\"},\"potentialAction\":[{\"@type\":\"SearchAction\",\"target\":{\"@type\":\"EntryPoint\",\"urlTemplate\":\"https:\/\/www.xertarestaurant.com\/?s={search_term_string}\"},\"query-input\":{\"@type\":\"PropertyValueSpecification\",\"valueRequired\":true,\"valueName\":\"search_term_string\"}}],\"inLanguage\":\"ca\"},{\"@type\":\"Organization\",\"@id\":\"https:\/\/www.xertarestaurant.com\/#organization\",\"name\":\"Xerta Restaurant\",\"url\":\"https:\/\/www.xertarestaurant.com\/\",\"logo\":{\"@type\":\"ImageObject\",\"inLanguage\":\"ca\",\"@id\":\"https:\/\/www.xertarestaurant.com\/#\/schema\/logo\/image\/\",\"url\":\"https:\/\/www.xertarestaurant.com\/wp-content\/uploads\/2020\/01\/xerta-restaurant-barcelona-logo-1-1.svg\",\"contentUrl\":\"https:\/\/www.xertarestaurant.com\/wp-content\/uploads\/2020\/01\/xerta-restaurant-barcelona-logo-1-1.svg\",\"width\":1,\"height\":1,\"caption\":\"Xerta Restaurant\"},\"image\":{\"@id\":\"https:\/\/www.xertarestaurant.com\/#\/schema\/logo\/image\/\"},\"sameAs\":[\"https:\/\/www.facebook.com\/xertarestaurant\",\"https:\/\/x.com\/XertaBarcelona\",\"https:\/\/www.instagram.com\/xertarestaurant\"]}]}<\/script>\n<!-- \/ Yoast SEO plugin. -->","yoast_head_json":{"title":"Reserves - Xerta Restaurant","description":"Xerta Restaurant t'apropa a la cuina de les Terres de l'Ebre. Reserva el teu restaurant a Barcelona.","robots":{"index":"index","follow":"follow","max-snippet":"max-snippet:-1","max-image-preview":"max-image-preview:large","max-video-preview":"max-video-preview:-1"},"canonical":"https:\/\/www.xertarestaurant.com\/ca\/reserves\/","og_locale":"ca_ES","og_type":"article","og_title":"Reserves - Xerta Restaurant","og_description":"Xerta Restaurant t'apropa a la cuina de les Terres de l'Ebre. Reserva el teu restaurant a Barcelona.","og_url":"https:\/\/www.xertarestaurant.com\/ca\/reserves\/","og_site_name":"Xerta Restaurant","article_publisher":"https:\/\/www.facebook.com\/xertarestaurant","article_modified_time":"2026-03-30T15:37:40+00:00","twitter_card":"summary_large_image","twitter_site":"@XertaBarcelona","twitter_misc":{"Temps estimat de lectura":"2 minuts"},"schema":{"@context":"https:\/\/schema.org","@graph":[{"@type":"WebPage","@id":"https:\/\/www.xertarestaurant.com\/ca\/reserves\/","url":"https:\/\/www.xertarestaurant.com\/ca\/reserves\/","name":"Reserves - Xerta Restaurant","isPartOf":{"@id":"https:\/\/www.xertarestaurant.com\/#website"},"datePublished":"2015-09-06T14:09:02+00:00","dateModified":"2026-03-30T15:37:40+00:00","description":"Xerta Restaurant t'apropa a la cuina de les Terres de l'Ebre. Reserva el teu restaurant a Barcelona.","breadcrumb":{"@id":"https:\/\/www.xertarestaurant.com\/ca\/reserves\/#breadcrumb"},"inLanguage":"ca","potentialAction":[{"@type":"ReadAction","target":["https:\/\/www.xertarestaurant.com\/ca\/reserves\/"]}]},{"@type":"BreadcrumbList","@id":"https:\/\/www.xertarestaurant.com\/ca\/reserves\/#breadcrumb","itemListElement":[{"@type":"ListItem","position":1,"name":"Portada","item":"https:\/\/www.xertarestaurant.com\/ca\/"},{"@type":"ListItem","position":2,"name":"Reserves"}]},{"@type":"WebSite","@id":"https:\/\/www.xertarestaurant.com\/#website","url":"https:\/\/www.xertarestaurant.com\/","name":"Xerta Restaurant","description":"Restaurante gastron\u00f3mico de autor en Barcelona","publisher":{"@id":"https:\/\/www.xertarestaurant.com\/#organization"},"potentialAction":[{"@type":"SearchAction","target":{"@type":"EntryPoint","urlTemplate":"https:\/\/www.xertarestaurant.com\/?s={search_term_string}"},"query-input":{"@type":"PropertyValueSpecification","valueRequired":true,"valueName":"search_term_string"}}],"inLanguage":"ca"},{"@type":"Organization","@id":"https:\/\/www.xertarestaurant.com\/#organization","name":"Xerta Restaurant","url":"https:\/\/www.xertarestaurant.com\/","logo":{"@type":"ImageObject","inLanguage":"ca","@id":"https:\/\/www.xertarestaurant.com\/#\/schema\/logo\/image\/","url":"https:\/\/www.xertarestaurant.com\/wp-content\/uploads\/2020\/01\/xerta-restaurant-barcelona-logo-1-1.svg","contentUrl":"https:\/\/www.xertarestaurant.com\/wp-content\/uploads\/2020\/01\/xerta-restaurant-barcelona-logo-1-1.svg","width":1,"height":1,"caption":"Xerta Restaurant"},"image":{"@id":"https:\/\/www.xertarestaurant.com\/#\/schema\/logo\/image\/"},"sameAs":["https:\/\/www.facebook.com\/xertarestaurant","https:\/\/x.com\/XertaBarcelona","https:\/\/www.instagram.com\/xertarestaurant"]}]}},"_links":{"self":[{"href":"https:\/\/www.xertarestaurant.com\/ca\/wp-json\/wp\/v2\/pages\/4933","targetHints":{"allow":["GET"]}}],"collection":[{"href":"https:\/\/www.xertarestaurant.com\/ca\/wp-json\/wp\/v2\/pages"}],"about":[{"href":"https:\/\/www.xertarestaurant.com\/ca\/wp-json\/wp\/v2\/types\/page"}],"author":[{"embeddable":true,"href":"https:\/\/www.xertarestaurant.com\/ca\/wp-json\/wp\/v2\/users\/1"}],"replies":[{"embeddable":true,"href":"https:\/\/www.xertarestaurant.com\/ca\/wp-json\/wp\/v2\/comments?post=4933"}],"version-history":[{"count":0,"href":"https:\/\/www.xertarestaurant.com\/ca\/wp-json\/wp\/v2\/pages\/4933\/revisions"}],"wp:attachment":[{"href":"https:\/\/www.xertarestaurant.com\/ca\/wp-json\/wp\/v2\/media?parent=4933"}],"curies":[{"name":"wp","href":"https:\/\/api.w.org\/{rel}","templated":true}]}}