{"id":4918,"date":"2015-09-18T13:52:08","date_gmt":"2015-09-18T11:52:08","guid":{"rendered":"http:\/\/localhost\/xerta\/xerta-restaurant\/?lang=ca"},"modified":"2026-03-31T14:04:37","modified_gmt":"2026-03-31T13:04:37","slug":"xerta-restaurant","status":"publish","type":"page","link":"https:\/\/www.xertarestaurant.com\/ca\/","title":{"rendered":"Xerta Restaurant"},"content":{"rendered":"[vc_row content_placement=&#8221;middle&#8221; css=&#8221;.vc_custom_1732714816360{margin-top: 3% !important;}&#8221;][vc_column width=&#8221;1\/6&#8243;][\/vc_column][vc_column width=&#8221;2\/3&#8243;][vc_column_text]\n<h1 style=\"text-align: center; font-size: 45px;\"><span style=\"color: #444444;\">XERTA RESTAURANT<\/span><\/h1>\n[\/vc_column_text][vc_column_text]\n<h2 style=\"text-align: center; font-size: 35px; text-transform: none; line-height: 45px; font-weight: normal;\">Restaurant gastron\u00f2mic a Barcelona especialitzat en cuina del Delta de l\u2019Ebre<\/h2>\n[\/vc_column_text][vc_column_text css=&#8221;.vc_custom_1773671310326{margin-bottom: 35px !important;}&#8221; el_class=&#8221;separator&#8221;]\n<p style=\"text-align: center;\"><span style=\"color: #444444; font-size: 1.375rem; font-weight: 400; line-height: 2.375rem;\"><br \/>\nEl restaurant gastron\u00f2mic Xerta Restaurant, guardonat amb una Estrella Michelin entre 2016 i 2024, \u00e9s una finestra oberta a la cuina de les Terres de l\u2019Ebre a Barcelona.<br \/>\nUbicat a l\u2019hotel Ohla Eixample, el restaurant trasllada al cor de Barcelona els sabors, els productes i les tradicions gastron\u00f2miques del Delta de l\u2019Ebre.<br \/>\n<\/span><\/p>\n[\/vc_column_text][vc_row_inner][vc_column_inner width=&#8221;1\/4&#8243;][vc_btn title=&#8221;RESERVAR TAULA&#8221; style=&#8221;custom&#8221; custom_background=&#8221;#444444&#8243; custom_text=&#8221;#ffffff&#8221; shape=&#8221;square&#8221; align=&#8221;center&#8221; link=&#8221;url:https%3A%2F%2Fwww.xertarestaurant.com%2Fca%2Freserves%2F|target:_blank&#8221; css=&#8221;.vc_custom_1773667877698{margin-top: 35px !important;}&#8221;][\/vc_column_inner][vc_column_inner width=&#8221;1\/4&#8243;][vc_btn title=&#8221;MEN\u00da DE TEMPORADA&#8221; style=&#8221;outline-custom&#8221; outline_custom_color=&#8221;#444444&#8243; outline_custom_hover_background=&#8221;#444444&#8243; outline_custom_hover_text=&#8221;#ffffff&#8221; shape=&#8221;square&#8221; align=&#8221;center&#8221; link=&#8221;url:https%3A%2F%2Fwww.xertarestaurant.com%2Fca%2Fmenu-de-temporada%2F|target:_blank&#8221; css=&#8221;.vc_custom_1773667904899{margin-top: 35px !important;}&#8221;][\/vc_column_inner][vc_column_inner width=&#8221;1\/4&#8243;][vc_btn title=&#8221;MEN\u00da DELTA&#8221; style=&#8221;outline-custom&#8221; outline_custom_color=&#8221;#444444&#8243; outline_custom_hover_background=&#8221;#444444&#8243; outline_custom_hover_text=&#8221;#ffffff&#8221; shape=&#8221;square&#8221; align=&#8221;center&#8221; link=&#8221;url:https%3A%2F%2Fwww.xertarestaurant.com%2Fca%2Fmenu-delta%2F|target:_blank&#8221; css=&#8221;.vc_custom_1773667925666{margin-top: 35px !important;}&#8221;][\/vc_column_inner][vc_column_inner width=&#8221;1\/4&#8243;][vc_btn title=&#8221;MEN\u00da DE PRODUCTE&#8221; style=&#8221;outline-custom&#8221; outline_custom_color=&#8221;#444444&#8243; outline_custom_hover_background=&#8221;#444444&#8243; outline_custom_hover_text=&#8221;#ffffff&#8221; shape=&#8221;square&#8221; align=&#8221;center&#8221; link=&#8221;url:https%3A%2F%2Fwww.xertarestaurant.com%2Fca%2Fmenu-de-producte%2F|target:_blank&#8221; css=&#8221;.vc_custom_1773667950671{margin-top: 35px !important;}&#8221;][\/vc_column_inner][\/vc_row_inner][\/vc_column][vc_column width=&#8221;1\/6&#8243;][\/vc_column][\/vc_row][vc_row full_width=&#8221;stretch_row_content&#8221; css=&#8221;.vc_custom_1665486419746{margin-top: 2% !important;margin-bottom: -100px !important;padding-top: 3% !important;padding-right: 3% !important;padding-bottom: 3% !important;padding-left: 3% !important;}&#8221;][vc_column css=&#8221;.vc_custom_1612871058111{margin-bottom: 2% !important;}&#8221;][vc_row_inner][vc_column_inner width=&#8221;1\/4&#8243;][vc_single_image image=&#8221;28804&#8243; img_size=&#8221;full&#8221;][vc_single_image image=&#8221;28818&#8243; img_size=&#8221;full&#8221; css=&#8221;.vc_custom_1704988572250{margin-top: 2% !important;}&#8221;][\/vc_column_inner][vc_column_inner width=&#8221;1\/2&#8243;][vc_single_image image=&#8221;28734&#8243; img_size=&#8221;full&#8221;][\/vc_column_inner][vc_column_inner width=&#8221;1\/4&#8243;][vc_single_image image=&#8221;28748&#8243; img_size=&#8221;full&#8221;][vc_single_image image=&#8221;28854&#8243; img_size=&#8221;full&#8221; css=&#8221;.vc_custom_1704988605996{margin-top: 2% !important;}&#8221;][\/vc_column_inner][\/vc_row_inner][\/vc_column][\/vc_row][vc_row full_width=&#8221;stretch_row_content_no_spaces&#8221; equal_height=&#8221;yes&#8221; css=&#8221;.vc_custom_1515669500432{background-color: #eaeaea !important;}&#8221; el_class=&#8221;row-eq-height&#8221;][vc_column width=&#8221;1\/2&#8243; el_class=&#8221;vertical-align&#8221; css=&#8221;.vc_custom_1515672658966{padding-top: 8% !important;padding-right: 8% !important;padding-bottom: 8% !important;padding-left: 8% !important;}&#8221;]<h2 class=\"calluna-heading calluna-heading-single-line text-align-left \" ><span>Regala Xerta<\/span><\/h2>[vc_column_text]<span style=\"color: #444444; font-size: 1.375rem; font-weight: 400; line-height: 2.375rem;\">Regala il\u00b7lusi\u00f3, regala gastronomia, <a href=\"https:\/\/regala.xertarestaurant.com\/ca\/\" target=\"_blank\" rel=\"noopener\">regala Xerta Restaurant<\/a>. Posem a la teva disposici\u00f3 i a tan sols uns clics, els nostres men\u00fas degustaci\u00f3, perqu\u00e8 puguis regalar a aquesta persona tan especial, una experi\u00e8ncia gastron\u00f2mica en el nostre restaurant.<\/span>[\/vc_column_text][vc_empty_space]<a href=\"https:\/\/regala.xertarestaurant.com\/ca\/\" class=\"calluna-button btn btn-primary large style-2   aligninline\" target=\"_self\" title=\"Xec regal\" rel=\"\"><span class=\"calluna-button-inner\">Xec regal<\/span><\/a>[\/vc_column][vc_column width=&#8221;1\/2&#8243; css=&#8221;.vc_custom_1748873440971{background-image: url(https:\/\/www.xertarestaurant.com\/wp-content\/uploads\/2025\/06\/FOTO-CHEQUE-REGALO.jpg?id=30290) !important;background-position: center !important;background-repeat: no-repeat !important;background-size: cover !important;}&#8221;][vc_empty_space height=&#8221;550px&#8221;][\/vc_column][\/vc_row][vc_row full_width=&#8221;stretch_row_content_no_spaces&#8221;][vc_column][vc_row_inner equal_height=&#8221;yes&#8221;][vc_column_inner width=&#8221;1\/2&#8243; css=&#8221;.vc_custom_1657192118484{background-image: url(https:\/\/www.xertarestaurant.com\/wp-content\/uploads\/2021\/02\/xerta-catering-esdeveniments-empresa-sopars-convenciones-presentaciones-celebraciones-estrella-michelin-fran-lopez-barcelona-xerta-tarragona-comuniones-aniversarios-bodas-kosher.jpg?id=19796) !important;background-position: center !important;background-repeat: no-repeat !important;background-size: cover !important;}&#8221;][vc_empty_space height=&#8221;500&#8243;][\/vc_column_inner][vc_column_inner width=&#8221;1\/2&#8243; css=&#8221;.vc_custom_1657192079332{padding-top: 5% !important;padding-right: 5% !important;padding-bottom: 5% !important;padding-left: 5% !important;background-color: #444444 !important;background-position: center !important;background-repeat: no-repeat !important;background-size: cover !important;}&#8221;]<h2 class=\"calluna-heading calluna-heading-single-line text-align-left \" style=\"color: #ffffff;\"><span>ESDEVENIMENTS I SOPARS KOSHER CERTIFICATS A BARCELONA<\/span><\/h2>[vc_column_text]<span style=\"color: #ffffff;\">A <strong>Xerta Restaurant<\/strong> oferim <strong>sopars kosher certificats<\/strong>, supervisats pel Rab\u00ed David Libersohn, de Jabad Lubavitch.<\/span><\/p>\n<p><span style=\"color: #ffffff;\">Aquest servei s\u2019ofereix <strong>en dates espec\u00edfiques i sempre amb reserva pr\u00e8via obligat\u00f2ria<\/strong>. La proposta gastron\u00f2mica es basa principalment en <strong>peix i productes del mar<\/strong>, presentada a trav\u00e9s de <strong>dos men\u00fas degustaci\u00f3<\/strong>, que es poden acompanyar amb una selecci\u00f3 de <strong>vins kosher<\/strong>.<\/span><\/p>\n<p><span style=\"color: #ffffff;\">Tamb\u00e9 oferim <strong>banquets kosher a mida per a esdeveniments i celebracions<\/strong>. Per a m\u00e9s informaci\u00f3 pot contactar amb <a style=\"color: #ffffff;\" href=\"mailto:info@xertacatering.com\">info@xertacatering.com<\/a>.<\/span>[\/vc_column_text][vc_btn title=&#8221;M\u00c9S INFORMACI\u00d3&#8221; style=&#8221;outline-custom&#8221; outline_custom_color=&#8221;#ffffff&#8221; outline_custom_hover_background=&#8221;#ffffff&#8221; outline_custom_hover_text=&#8221;#444444&#8243; shape=&#8221;square&#8221; size=&#8221;lg&#8221; align=&#8221;left&#8221; link=&#8221;url:https%3A%2F%2Fwww.xertarestaurant.com%2Fca%2Fkosher%2F&#8221; css=&#8221;.vc_custom_1773333550344{margin-top: 30px !important;}&#8221;][\/vc_column_inner][\/vc_row_inner][\/vc_column][\/vc_row][vc_row full_width=&#8221;stretch_row_content_no_spaces&#8221;][vc_column style=&#8221;column-style-2&#8243;][vc_row_inner equal_height=&#8221;yes&#8221; gap=&#8221;35&#8243; css=&#8221;.vc_custom_1773333730466{padding-top: 5% !important;padding-right: 5% !important;padding-bottom: 5% !important;padding-left: 5% !important;}&#8221;][vc_column_inner width=&#8221;1\/2&#8243; css=&#8221;.vc_custom_1773333791659{padding-right: 2% !important;padding-left: 2% !important;}&#8221;]<h3 class=\"calluna-heading calluna-heading-none text-align-left \" ><span>Gastronomia del Delta de l\u2019Ebre a Barcelona<\/span><\/h3>[vc_column_text]\n<p>Xerta Restaurant ofereix a Barcelona una experi\u00e8ncia gastron\u00f2mica inspirada en la cuina del Delta de l\u2019Ebre, un territori on el mar, el riu i els arrossars defineixen profundament la seva identitat culin\u00e0ria.<\/p>\n<p>La proposta es basa en el respecte pel producte, la temporalitat dels ingredients i una interpretaci\u00f3 contempor\u00e0nia dels sabors tradicionals de la Mediterr\u00e0nia.<\/p>\n<p>A m\u00e9s, la cuina posa en valor els productes del Delta de l\u2019Ebre: peixos de llotja, marisc, arrossos i verdures de temporada que reflecteixen la riquesa gastron\u00f2mica d\u2019aquest paisatge \u00fanic.<\/p>\n<p>Cada plat busca l\u2019equilibri entre t\u00e8cnica, producte i sabor, donant lloc a una experi\u00e8ncia culin\u00e0ria que connecta amb l\u2019origen de cada ingredient.<\/p>\n[\/vc_column_text][\/vc_column_inner][vc_column_inner width=&#8221;1\/2&#8243; css=&#8221;.vc_custom_1773333808121{padding-right: 2% !important;padding-left: 2% !important;}&#8221;]<h3 class=\"calluna-heading calluna-heading-none text-align-left \" ><span>Men\u00fas gastron\u00f2mics inspirats en el producte<\/span><\/h3>[vc_column_text]\n<p>L\u2019experi\u00e8ncia a Xerta Restaurant \u00e9s un viatge gastron\u00f2mic a trav\u00e9s de diferents men\u00fas concebuts per descobrir la cuina del Delta de l\u2019Ebre des de diferents perspectives. Cada proposta recorre sabors, productes i t\u00e8cniques que reflecteixen la identitat culin\u00e0ria d\u2019aquest territori.<\/p>\n<p>Els men\u00fas degustaci\u00f3 evolucionen al llarg de l\u2019any per adaptar-se als productes de temporada i seguir el ritme natural dels ingredients.<\/p>\n<p>Aquesta filosofia permet oferir plats que respecten l\u2019ess\u00e8ncia del producte i que es transformen amb cada estaci\u00f3, mantenint una cuina viva, sensible i profundament vinculada al territori.<\/p>\n[\/vc_column_text][vc_btn title=&#8221;DESCOBREIX ELS MEN\u00daS&#8221; style=&#8221;outline-custom&#8221; outline_custom_color=&#8221;#444444&#8243; outline_custom_hover_background=&#8221;#444444&#8243; outline_custom_hover_text=&#8221;#ffffff&#8221; shape=&#8221;square&#8221; size=&#8221;lg&#8221; align=&#8221;left&#8221; link=&#8221;url:https%3A%2F%2Fwww.xertarestaurant.com%2Fca%2Frestaurant-barcelona%2F|target:_blank&#8221; css=&#8221;.vc_custom_1773333885784{margin-top: 35px !important;}&#8221;][\/vc_column_inner][\/vc_row_inner][\/vc_column][\/vc_row][vc_row][vc_column][vc_column_text]\n<hr \/>\n<p style=\"text-align: center;\"><strong>Aquesta actuaci\u00f3 est\u00e0 impulsada i subvencionada pel Servei P\u00fablic d\u2019Ocupaci\u00f3 de Catalunya i finan\u00e7ada al 100%<br \/>\npel Fons Social Europeu com a part de la resposta de la Uni\u00f3 Europea a la pand\u00e8mia de COVID-19.<\/strong><\/p>\n<hr \/>\n[\/vc_column_text][vc_empty_space][vc_row_inner][vc_column_inner width=&#8221;1\/6&#8243;][\/vc_column_inner][vc_column_inner width=&#8221;1\/6&#8243;][vc_single_image image=&#8221;26737&#8243; img_size=&#8221;full&#8221; alignment=&#8221;center&#8221;][\/vc_column_inner][vc_column_inner width=&#8221;1\/6&#8243;][vc_single_image image=&#8221;26744&#8243; img_size=&#8221;full&#8221; alignment=&#8221;center&#8221;][\/vc_column_inner][vc_column_inner width=&#8221;1\/6&#8243;][vc_single_image image=&#8221;26751&#8243; img_size=&#8221;full&#8221; alignment=&#8221;center&#8221;][\/vc_column_inner][vc_column_inner width=&#8221;1\/6&#8243;][vc_single_image image=&#8221;26758&#8243; img_size=&#8221;full&#8221; alignment=&#8221;center&#8221;][\/vc_column_inner][vc_column_inner width=&#8221;1\/6&#8243;][\/vc_column_inner][\/vc_row_inner][vc_empty_space][\/vc_column][\/vc_row]\n","protected":false},"excerpt":{"rendered":"<p>[vc_row content_placement=&#8221;middle&#8221; css=&#8221;.vc_custom_1732714816360{margin-top: 3% !important;}&#8221;][vc_column width=&#8221;1\/6&#8243;][\/vc_column][vc_column width=&#8221;2\/3&#8243;][vc_column_text] XERTA RESTAURANT [\/vc_column_text][vc_column_text] Restaurant gastron\u00f2mic a Barcelona especialitzat en cuina del Delta de l\u2019Ebre [\/vc_column_text][vc_column_text css=&#8221;.vc_custom_1773671310326{margin-bottom: 35px !important;}&#8221; el_class=&#8221;separator&#8221;] El restaurant gastron\u00f2mic Xerta Restaurant, guardonat amb una Estrella Michelin entre 2016 i 2024, \u00e9s una finestra oberta a la cuina de les Terres de l\u2019Ebre a Barcelona. Ubicat [&hellip;]<\/p>\n","protected":false},"author":1,"featured_media":30273,"parent":0,"menu_order":0,"comment_status":"closed","ping_status":"closed","template":"","meta":{"_monsterinsights_skip_tracking":false,"_monsterinsights_sitenote_active":false,"_monsterinsights_sitenote_note":"","_monsterinsights_sitenote_category":0,"footnotes":""},"class_list":["post-4918","page","type-page","status-publish","has-post-thumbnail","hentry"],"yoast_head":"<!-- This site is optimized with the Yoast SEO plugin v27.2 - https:\/\/yoast.com\/product\/yoast-seo-wordpress\/ -->\n<title>Xerta Restaurant | Restaurant Gastron\u00f2mic a Barcelona<\/title>\n<meta name=\"description\" content=\"Restaurant gastron\u00f2mic a Barcelona. Cuina d\u2019autor inspirada en el Delta de l\u2019Ebre: arrossos, peix de llotja i marisc.\" \/>\n<meta name=\"robots\" content=\"index, follow, max-snippet:-1, max-image-preview:large, max-video-preview:-1\" \/>\n<link rel=\"canonical\" href=\"https:\/\/www.xertarestaurant.com\/ca\/\" \/>\n<meta property=\"og:locale\" content=\"ca_ES\" \/>\n<meta property=\"og:type\" content=\"article\" \/>\n<meta property=\"og:title\" content=\"Xerta Restaurant | Restaurant Gastron\u00f2mic a Barcelona\" \/>\n<meta property=\"og:description\" content=\"Restaurant gastron\u00f2mic a Barcelona. Cuina d\u2019autor inspirada en el Delta de l\u2019Ebre: arrossos, peix de llotja i marisc.\" \/>\n<meta property=\"og:url\" content=\"https:\/\/www.xertarestaurant.com\/ca\/\" \/>\n<meta property=\"og:site_name\" content=\"Xerta Restaurant\" \/>\n<meta property=\"article:publisher\" content=\"https:\/\/www.facebook.com\/xertarestaurant\" \/>\n<meta property=\"article:modified_time\" content=\"2026-03-31T13:04:37+00:00\" \/>\n<meta property=\"og:image\" content=\"https:\/\/www.xertarestaurant.com\/wp-content\/uploads\/2025\/06\/xerta-restaurant-barcelona-restaurante-ohla-eixample-fran-lopez.jpg\" \/>\n\t<meta property=\"og:image:width\" content=\"2000\" \/>\n\t<meta property=\"og:image:height\" content=\"1334\" \/>\n\t<meta property=\"og:image:type\" content=\"image\/jpeg\" \/>\n<meta name=\"twitter:card\" content=\"summary_large_image\" \/>\n<meta name=\"twitter:site\" content=\"@XertaBarcelona\" \/>\n<meta name=\"twitter:label1\" content=\"Temps estimat de lectura\" \/>\n\t<meta name=\"twitter:data1\" content=\"6 minuts\" \/>\n<script type=\"application\/ld+json\" class=\"yoast-schema-graph\">{\"@context\":\"https:\/\/schema.org\",\"@graph\":[{\"@type\":\"WebPage\",\"@id\":\"https:\/\/www.xertarestaurant.com\/ca\/\",\"url\":\"https:\/\/www.xertarestaurant.com\/ca\/\",\"name\":\"Xerta Restaurant | Restaurant Gastron\u00f2mic a Barcelona\",\"isPartOf\":{\"@id\":\"https:\/\/www.xertarestaurant.com\/#website\"},\"primaryImageOfPage\":{\"@id\":\"https:\/\/www.xertarestaurant.com\/ca\/#primaryimage\"},\"image\":{\"@id\":\"https:\/\/www.xertarestaurant.com\/ca\/#primaryimage\"},\"thumbnailUrl\":\"https:\/\/www.xertarestaurant.com\/wp-content\/uploads\/2025\/06\/xerta-restaurant-barcelona-restaurante-ohla-eixample-fran-lopez.jpg\",\"datePublished\":\"2015-09-18T11:52:08+00:00\",\"dateModified\":\"2026-03-31T13:04:37+00:00\",\"description\":\"Restaurant gastron\u00f2mic a Barcelona. Cuina d\u2019autor inspirada en el Delta de l\u2019Ebre: arrossos, peix de llotja i marisc.\",\"breadcrumb\":{\"@id\":\"https:\/\/www.xertarestaurant.com\/ca\/#breadcrumb\"},\"inLanguage\":\"ca\",\"potentialAction\":[{\"@type\":\"ReadAction\",\"target\":[\"https:\/\/www.xertarestaurant.com\/ca\/\"]}]},{\"@type\":\"ImageObject\",\"inLanguage\":\"ca\",\"@id\":\"https:\/\/www.xertarestaurant.com\/ca\/#primaryimage\",\"url\":\"https:\/\/www.xertarestaurant.com\/wp-content\/uploads\/2025\/06\/xerta-restaurant-barcelona-restaurante-ohla-eixample-fran-lopez.jpg\",\"contentUrl\":\"https:\/\/www.xertarestaurant.com\/wp-content\/uploads\/2025\/06\/xerta-restaurant-barcelona-restaurante-ohla-eixample-fran-lopez.jpg\",\"width\":2000,\"height\":1334,\"caption\":\"xerta restaurant barcelona restaurante gastronomico de autor\"},{\"@type\":\"BreadcrumbList\",\"@id\":\"https:\/\/www.xertarestaurant.com\/ca\/#breadcrumb\",\"itemListElement\":[{\"@type\":\"ListItem\",\"position\":1,\"name\":\"Portada\",\"item\":\"https:\/\/www.xertarestaurant.com\/ca\/\"},{\"@type\":\"ListItem\",\"position\":2,\"name\":\"Xerta Restaurant\"}]},{\"@type\":\"WebSite\",\"@id\":\"https:\/\/www.xertarestaurant.com\/#website\",\"url\":\"https:\/\/www.xertarestaurant.com\/\",\"name\":\"Xerta Restaurant\",\"description\":\"Restaurante gastron\u00f3mico de autor en Barcelona\",\"publisher\":{\"@id\":\"https:\/\/www.xertarestaurant.com\/#organization\"},\"potentialAction\":[{\"@type\":\"SearchAction\",\"target\":{\"@type\":\"EntryPoint\",\"urlTemplate\":\"https:\/\/www.xertarestaurant.com\/?s={search_term_string}\"},\"query-input\":{\"@type\":\"PropertyValueSpecification\",\"valueRequired\":true,\"valueName\":\"search_term_string\"}}],\"inLanguage\":\"ca\"},{\"@type\":\"Organization\",\"@id\":\"https:\/\/www.xertarestaurant.com\/#organization\",\"name\":\"Xerta Restaurant\",\"url\":\"https:\/\/www.xertarestaurant.com\/\",\"logo\":{\"@type\":\"ImageObject\",\"inLanguage\":\"ca\",\"@id\":\"https:\/\/www.xertarestaurant.com\/#\/schema\/logo\/image\/\",\"url\":\"https:\/\/www.xertarestaurant.com\/wp-content\/uploads\/2020\/01\/xerta-restaurant-barcelona-logo-1-1.svg\",\"contentUrl\":\"https:\/\/www.xertarestaurant.com\/wp-content\/uploads\/2020\/01\/xerta-restaurant-barcelona-logo-1-1.svg\",\"width\":1,\"height\":1,\"caption\":\"Xerta Restaurant\"},\"image\":{\"@id\":\"https:\/\/www.xertarestaurant.com\/#\/schema\/logo\/image\/\"},\"sameAs\":[\"https:\/\/www.facebook.com\/xertarestaurant\",\"https:\/\/x.com\/XertaBarcelona\",\"https:\/\/www.instagram.com\/xertarestaurant\"]}]}<\/script>\n<!-- \/ Yoast SEO plugin. -->","yoast_head_json":{"title":"Xerta Restaurant | Restaurant Gastron\u00f2mic a Barcelona","description":"Restaurant gastron\u00f2mic a Barcelona. Cuina d\u2019autor inspirada en el Delta de l\u2019Ebre: arrossos, peix de llotja i marisc.","robots":{"index":"index","follow":"follow","max-snippet":"max-snippet:-1","max-image-preview":"max-image-preview:large","max-video-preview":"max-video-preview:-1"},"canonical":"https:\/\/www.xertarestaurant.com\/ca\/","og_locale":"ca_ES","og_type":"article","og_title":"Xerta Restaurant | Restaurant Gastron\u00f2mic a Barcelona","og_description":"Restaurant gastron\u00f2mic a Barcelona. Cuina d\u2019autor inspirada en el Delta de l\u2019Ebre: arrossos, peix de llotja i marisc.","og_url":"https:\/\/www.xertarestaurant.com\/ca\/","og_site_name":"Xerta Restaurant","article_publisher":"https:\/\/www.facebook.com\/xertarestaurant","article_modified_time":"2026-03-31T13:04:37+00:00","og_image":[{"width":2000,"height":1334,"url":"https:\/\/www.xertarestaurant.com\/wp-content\/uploads\/2025\/06\/xerta-restaurant-barcelona-restaurante-ohla-eixample-fran-lopez.jpg","type":"image\/jpeg"}],"twitter_card":"summary_large_image","twitter_site":"@XertaBarcelona","twitter_misc":{"Temps estimat de lectura":"6 minuts"},"schema":{"@context":"https:\/\/schema.org","@graph":[{"@type":"WebPage","@id":"https:\/\/www.xertarestaurant.com\/ca\/","url":"https:\/\/www.xertarestaurant.com\/ca\/","name":"Xerta Restaurant | Restaurant Gastron\u00f2mic a Barcelona","isPartOf":{"@id":"https:\/\/www.xertarestaurant.com\/#website"},"primaryImageOfPage":{"@id":"https:\/\/www.xertarestaurant.com\/ca\/#primaryimage"},"image":{"@id":"https:\/\/www.xertarestaurant.com\/ca\/#primaryimage"},"thumbnailUrl":"https:\/\/www.xertarestaurant.com\/wp-content\/uploads\/2025\/06\/xerta-restaurant-barcelona-restaurante-ohla-eixample-fran-lopez.jpg","datePublished":"2015-09-18T11:52:08+00:00","dateModified":"2026-03-31T13:04:37+00:00","description":"Restaurant gastron\u00f2mic a Barcelona. Cuina d\u2019autor inspirada en el Delta de l\u2019Ebre: arrossos, peix de llotja i marisc.","breadcrumb":{"@id":"https:\/\/www.xertarestaurant.com\/ca\/#breadcrumb"},"inLanguage":"ca","potentialAction":[{"@type":"ReadAction","target":["https:\/\/www.xertarestaurant.com\/ca\/"]}]},{"@type":"ImageObject","inLanguage":"ca","@id":"https:\/\/www.xertarestaurant.com\/ca\/#primaryimage","url":"https:\/\/www.xertarestaurant.com\/wp-content\/uploads\/2025\/06\/xerta-restaurant-barcelona-restaurante-ohla-eixample-fran-lopez.jpg","contentUrl":"https:\/\/www.xertarestaurant.com\/wp-content\/uploads\/2025\/06\/xerta-restaurant-barcelona-restaurante-ohla-eixample-fran-lopez.jpg","width":2000,"height":1334,"caption":"xerta restaurant barcelona restaurante gastronomico de autor"},{"@type":"BreadcrumbList","@id":"https:\/\/www.xertarestaurant.com\/ca\/#breadcrumb","itemListElement":[{"@type":"ListItem","position":1,"name":"Portada","item":"https:\/\/www.xertarestaurant.com\/ca\/"},{"@type":"ListItem","position":2,"name":"Xerta Restaurant"}]},{"@type":"WebSite","@id":"https:\/\/www.xertarestaurant.com\/#website","url":"https:\/\/www.xertarestaurant.com\/","name":"Xerta Restaurant","description":"Restaurante gastron\u00f3mico de autor en Barcelona","publisher":{"@id":"https:\/\/www.xertarestaurant.com\/#organization"},"potentialAction":[{"@type":"SearchAction","target":{"@type":"EntryPoint","urlTemplate":"https:\/\/www.xertarestaurant.com\/?s={search_term_string}"},"query-input":{"@type":"PropertyValueSpecification","valueRequired":true,"valueName":"search_term_string"}}],"inLanguage":"ca"},{"@type":"Organization","@id":"https:\/\/www.xertarestaurant.com\/#organization","name":"Xerta Restaurant","url":"https:\/\/www.xertarestaurant.com\/","logo":{"@type":"ImageObject","inLanguage":"ca","@id":"https:\/\/www.xertarestaurant.com\/#\/schema\/logo\/image\/","url":"https:\/\/www.xertarestaurant.com\/wp-content\/uploads\/2020\/01\/xerta-restaurant-barcelona-logo-1-1.svg","contentUrl":"https:\/\/www.xertarestaurant.com\/wp-content\/uploads\/2020\/01\/xerta-restaurant-barcelona-logo-1-1.svg","width":1,"height":1,"caption":"Xerta Restaurant"},"image":{"@id":"https:\/\/www.xertarestaurant.com\/#\/schema\/logo\/image\/"},"sameAs":["https:\/\/www.facebook.com\/xertarestaurant","https:\/\/x.com\/XertaBarcelona","https:\/\/www.instagram.com\/xertarestaurant"]}]}},"_links":{"self":[{"href":"https:\/\/www.xertarestaurant.com\/ca\/wp-json\/wp\/v2\/pages\/4918","targetHints":{"allow":["GET"]}}],"collection":[{"href":"https:\/\/www.xertarestaurant.com\/ca\/wp-json\/wp\/v2\/pages"}],"about":[{"href":"https:\/\/www.xertarestaurant.com\/ca\/wp-json\/wp\/v2\/types\/page"}],"author":[{"embeddable":true,"href":"https:\/\/www.xertarestaurant.com\/ca\/wp-json\/wp\/v2\/users\/1"}],"replies":[{"embeddable":true,"href":"https:\/\/www.xertarestaurant.com\/ca\/wp-json\/wp\/v2\/comments?post=4918"}],"version-history":[{"count":0,"href":"https:\/\/www.xertarestaurant.com\/ca\/wp-json\/wp\/v2\/pages\/4918\/revisions"}],"wp:featuredmedia":[{"embeddable":true,"href":"https:\/\/www.xertarestaurant.com\/ca\/wp-json\/wp\/v2\/media\/30273"}],"wp:attachment":[{"href":"https:\/\/www.xertarestaurant.com\/ca\/wp-json\/wp\/v2\/media?parent=4918"}],"curies":[{"name":"wp","href":"https:\/\/api.w.org\/{rel}","templated":true}]}}