{"id":19430,"date":"2021-02-09T11:41:53","date_gmt":"2021-02-09T10:41:53","guid":{"rendered":"https:\/\/www.xertarestaurant.com\/?page_id=19430"},"modified":"2026-03-16T15:42:31","modified_gmt":"2026-03-16T14:42:31","slug":"kosher","status":"publish","type":"page","link":"https:\/\/www.xertarestaurant.com\/ca\/kosher\/","title":{"rendered":"Kosher"},"content":{"rendered":"[vc_row][vc_column][vc_row_inner equal_height=&#8221;yes&#8221;][vc_column_inner width=&#8221;1\/2&#8243; css=&#8221;.vc_custom_1612866912955{padding-top: 8% !important;padding-right: 8% !important;padding-bottom: 8% !important;padding-left: 8% !important;background-color: #444444 !important;}&#8221;]<h2 class=\"calluna-heading calluna-heading-single-line text-align-left \" style=\"color: #ffffff;\"><span>Restaurant gastron\u00f2mic amb sopars Kosher<\/span><\/h2>[vc_column_text]<span style=\"color: #ffffff;\">A <strong>Xerta Restaurant<\/strong> oferim <strong>sopars kosher certificats<\/strong>, supervisats pel Rab\u00ed David Libersohn, de Jabad Lubavitch.<\/span><\/p>\n<p><span style=\"color: #ffffff;\">Aquest servei s\u2019ofereix <strong>en dates espec\u00edfiques i sempre amb reserva pr\u00e8via obligat\u00f2ria<\/strong>. La proposta gastron\u00f2mica es basa principalment en <strong>peix i productes del mar<\/strong>, presentada a trav\u00e9s de <strong>dos men\u00fas degustaci\u00f3<\/strong>, que es poden acompanyar amb una selecci\u00f3 de <strong>vins kosher<\/strong>.<\/span><\/p>\n<p><span style=\"color: #ffffff;\">Per consultar les dates disponibles i realitzar la seva reserva, pot contactar amb el restaurant escrivint a <strong><a style=\"color: #ffffff;\" href=\"mailto:info@xertarestaurant.com\">info@xertarestaurant.com<\/a><\/strong>.<\/span><\/p>\n<p><span style=\"color: #ffffff;\">Tamb\u00e9 oferim <strong>banquets kosher a mida per a esdeveniments i celebracions<\/strong>. Per a m\u00e9s informaci\u00f3 pot contactar amb <strong><a style=\"color: #ffffff;\" href=\"mailto:info@xertacatering.com\">info@xertacatering.com<\/a><\/strong>.<\/span>[\/vc_column_text][vc_empty_space height=&#8221;25px&#8221;][vc_btn title=&#8221;CONTACTA I RESERVA&#8221; style=&#8221;custom&#8221; custom_background=&#8221;#ffffff&#8221; custom_text=&#8221;#444444&#8243; shape=&#8221;square&#8221; link=&#8221;url:https%3A%2F%2Fwww.xertarestaurant.com%2Fca%2Fcontacte%2F|target:_blank&#8221;][vc_empty_space height=&#8221;25px&#8221;][vc_btn title=&#8221;INFORMACI\u00d3 ESDEVENIMENTS&#8221; style=&#8221;custom&#8221; custom_background=&#8221;#ffffff&#8221; custom_text=&#8221;#444444&#8243; shape=&#8221;square&#8221; link=&#8221;url:https%3A%2F%2Fwww.xertacatering.com%2F|target:_blank&#8221;][\/vc_column_inner][vc_column_inner width=&#8221;1\/2&#8243; css=&#8221;.vc_custom_1612955954611{background-image: url(https:\/\/www.xertarestaurant.com\/wp-content\/uploads\/2021\/02\/xerta-catering-esdeveniments-empresa-sopars-convenciones-presentaciones-celebraciones-estrella-michelin-fran-lopez-barcelona-xerta-tarragona-comuniones-aniversarios-bodas-kosher.jpg?id=19795) !important;background-position: center !important;background-repeat: no-repeat !important;background-size: cover !important;}&#8221;][vc_empty_space height=&#8221;500&#8243;][\/vc_column_inner][\/vc_row_inner][\/vc_column][\/vc_row][vc_row full_width=&#8221;stretch_row_content&#8221; parallax=&#8221;content-moving-fade&#8221; css=&#8221;.vc_custom_1612871064028{margin-top: 2% !important;margin-bottom: -100px !important;padding-top: 3% !important;padding-right: 3% !important;padding-bottom: 3% !important;padding-left: 3% !important;background-color: #f4f4f4 !important;}&#8221;][vc_column css=&#8221;.vc_custom_1612871058111{margin-bottom: 2% !important;}&#8221;][vc_row_inner][vc_column_inner width=&#8221;1\/4&#8243;][vc_single_image image=&#8221;19755&#8243; img_size=&#8221;full&#8221;][vc_single_image image=&#8221;19371&#8243; img_size=&#8221;full&#8221; css=&#8221;.vc_custom_1612956305012{margin-top: 2% !important;}&#8221;][\/vc_column_inner][vc_column_inner width=&#8221;1\/2&#8243;][vc_single_image image=&#8221;19378&#8243; img_size=&#8221;full&#8221;][\/vc_column_inner][vc_column_inner width=&#8221;1\/4&#8243;][vc_single_image image=&#8221;19356&#8243; img_size=&#8221;full&#8221;][vc_single_image image=&#8221;19404&#8243; img_size=&#8221;full&#8221; css=&#8221;.vc_custom_1612867568384{margin-top: 2% !important;}&#8221;][\/vc_column_inner][\/vc_row_inner][\/vc_column][\/vc_row]\n","protected":false},"excerpt":{"rendered":"<p>[vc_row][vc_column][vc_row_inner equal_height=&#8221;yes&#8221;][vc_column_inner width=&#8221;1\/2&#8243; css=&#8221;.vc_custom_1612866912955{padding-top: 8% !important;padding-right: 8% !important;padding-bottom: 8% !important;padding-left: 8% !important;background-color: #444444 !important;}&#8221;][vc_column_text]A Xerta Restaurant oferim sopars kosher certificats, supervisats pel Rab\u00ed David Libersohn, de Jabad Lubavitch. Aquest servei s\u2019ofereix en dates espec\u00edfiques i sempre amb reserva pr\u00e8via obligat\u00f2ria. La proposta gastron\u00f2mica es basa principalment en peix i productes del mar, presentada a trav\u00e9s [&hellip;]<\/p>\n","protected":false},"author":1,"featured_media":0,"parent":0,"menu_order":0,"comment_status":"closed","ping_status":"closed","template":"","meta":{"_monsterinsights_skip_tracking":false,"_monsterinsights_sitenote_active":false,"_monsterinsights_sitenote_note":"","_monsterinsights_sitenote_category":0,"footnotes":""},"class_list":["post-19430","page","type-page","status-publish","hentry"],"yoast_head":"<!-- This site is optimized with the Yoast SEO plugin v27.2 - https:\/\/yoast.com\/product\/yoast-seo-wordpress\/ -->\n<title>Sopars Kosher Certificats Barcelona | Xerta Restaurant<\/title>\n<meta name=\"description\" content=\"Sopars kosher certificats a Barcelona a Xerta Restaurant. Servei kosher supervisat amb reserva pr\u00e8via, men\u00fas degustaci\u00f3 i esdeveniments kosher.\" \/>\n<meta name=\"robots\" content=\"index, follow, max-snippet:-1, max-image-preview:large, max-video-preview:-1\" \/>\n<link rel=\"canonical\" href=\"https:\/\/www.xertarestaurant.com\/ca\/kosher\/\" \/>\n<meta property=\"og:locale\" content=\"ca_ES\" \/>\n<meta property=\"og:type\" content=\"article\" \/>\n<meta property=\"og:title\" content=\"Sopars Kosher Certificats Barcelona | Xerta Restaurant\" \/>\n<meta property=\"og:description\" content=\"Sopars kosher certificats a Barcelona a Xerta Restaurant. Servei kosher supervisat amb reserva pr\u00e8via, men\u00fas degustaci\u00f3 i esdeveniments kosher.\" \/>\n<meta property=\"og:url\" content=\"https:\/\/www.xertarestaurant.com\/ca\/kosher\/\" \/>\n<meta property=\"og:site_name\" content=\"Xerta Restaurant\" \/>\n<meta property=\"article:publisher\" content=\"https:\/\/www.facebook.com\/xertarestaurant\" \/>\n<meta property=\"article:modified_time\" content=\"2026-03-16T14:42:31+00:00\" \/>\n<meta name=\"twitter:card\" content=\"summary_large_image\" \/>\n<meta name=\"twitter:site\" content=\"@XertaBarcelona\" \/>\n<meta name=\"twitter:label1\" content=\"Temps estimat de lectura\" \/>\n\t<meta name=\"twitter:data1\" content=\"1 minut\" \/>\n<script type=\"application\/ld+json\" class=\"yoast-schema-graph\">{\"@context\":\"https:\/\/schema.org\",\"@graph\":[{\"@type\":\"WebPage\",\"@id\":\"https:\/\/www.xertarestaurant.com\/ca\/kosher\/\",\"url\":\"https:\/\/www.xertarestaurant.com\/ca\/kosher\/\",\"name\":\"Sopars Kosher Certificats Barcelona | Xerta Restaurant\",\"isPartOf\":{\"@id\":\"https:\/\/www.xertarestaurant.com\/#website\"},\"datePublished\":\"2021-02-09T10:41:53+00:00\",\"dateModified\":\"2026-03-16T14:42:31+00:00\",\"description\":\"Sopars kosher certificats a Barcelona a Xerta Restaurant. Servei kosher supervisat amb reserva pr\u00e8via, men\u00fas degustaci\u00f3 i esdeveniments kosher.\",\"breadcrumb\":{\"@id\":\"https:\/\/www.xertarestaurant.com\/ca\/kosher\/#breadcrumb\"},\"inLanguage\":\"ca\",\"potentialAction\":[{\"@type\":\"ReadAction\",\"target\":[\"https:\/\/www.xertarestaurant.com\/ca\/kosher\/\"]}]},{\"@type\":\"BreadcrumbList\",\"@id\":\"https:\/\/www.xertarestaurant.com\/ca\/kosher\/#breadcrumb\",\"itemListElement\":[{\"@type\":\"ListItem\",\"position\":1,\"name\":\"Portada\",\"item\":\"https:\/\/www.xertarestaurant.com\/ca\/\"},{\"@type\":\"ListItem\",\"position\":2,\"name\":\"Kosher\"}]},{\"@type\":\"WebSite\",\"@id\":\"https:\/\/www.xertarestaurant.com\/#website\",\"url\":\"https:\/\/www.xertarestaurant.com\/\",\"name\":\"Xerta Restaurant\",\"description\":\"Restaurante gastron\u00f3mico de autor en Barcelona\",\"publisher\":{\"@id\":\"https:\/\/www.xertarestaurant.com\/#organization\"},\"potentialAction\":[{\"@type\":\"SearchAction\",\"target\":{\"@type\":\"EntryPoint\",\"urlTemplate\":\"https:\/\/www.xertarestaurant.com\/?s={search_term_string}\"},\"query-input\":{\"@type\":\"PropertyValueSpecification\",\"valueRequired\":true,\"valueName\":\"search_term_string\"}}],\"inLanguage\":\"ca\"},{\"@type\":\"Organization\",\"@id\":\"https:\/\/www.xertarestaurant.com\/#organization\",\"name\":\"Xerta Restaurant\",\"url\":\"https:\/\/www.xertarestaurant.com\/\",\"logo\":{\"@type\":\"ImageObject\",\"inLanguage\":\"ca\",\"@id\":\"https:\/\/www.xertarestaurant.com\/#\/schema\/logo\/image\/\",\"url\":\"https:\/\/www.xertarestaurant.com\/wp-content\/uploads\/2020\/01\/xerta-restaurant-barcelona-logo-1-1.svg\",\"contentUrl\":\"https:\/\/www.xertarestaurant.com\/wp-content\/uploads\/2020\/01\/xerta-restaurant-barcelona-logo-1-1.svg\",\"width\":1,\"height\":1,\"caption\":\"Xerta Restaurant\"},\"image\":{\"@id\":\"https:\/\/www.xertarestaurant.com\/#\/schema\/logo\/image\/\"},\"sameAs\":[\"https:\/\/www.facebook.com\/xertarestaurant\",\"https:\/\/x.com\/XertaBarcelona\",\"https:\/\/www.instagram.com\/xertarestaurant\"]}]}<\/script>\n<!-- \/ Yoast SEO plugin. -->","yoast_head_json":{"title":"Sopars Kosher Certificats Barcelona | Xerta Restaurant","description":"Sopars kosher certificats a Barcelona a Xerta Restaurant. Servei kosher supervisat amb reserva pr\u00e8via, men\u00fas degustaci\u00f3 i esdeveniments kosher.","robots":{"index":"index","follow":"follow","max-snippet":"max-snippet:-1","max-image-preview":"max-image-preview:large","max-video-preview":"max-video-preview:-1"},"canonical":"https:\/\/www.xertarestaurant.com\/ca\/kosher\/","og_locale":"ca_ES","og_type":"article","og_title":"Sopars Kosher Certificats Barcelona | Xerta Restaurant","og_description":"Sopars kosher certificats a Barcelona a Xerta Restaurant. Servei kosher supervisat amb reserva pr\u00e8via, men\u00fas degustaci\u00f3 i esdeveniments kosher.","og_url":"https:\/\/www.xertarestaurant.com\/ca\/kosher\/","og_site_name":"Xerta Restaurant","article_publisher":"https:\/\/www.facebook.com\/xertarestaurant","article_modified_time":"2026-03-16T14:42:31+00:00","twitter_card":"summary_large_image","twitter_site":"@XertaBarcelona","twitter_misc":{"Temps estimat de lectura":"1 minut"},"schema":{"@context":"https:\/\/schema.org","@graph":[{"@type":"WebPage","@id":"https:\/\/www.xertarestaurant.com\/ca\/kosher\/","url":"https:\/\/www.xertarestaurant.com\/ca\/kosher\/","name":"Sopars Kosher Certificats Barcelona | Xerta Restaurant","isPartOf":{"@id":"https:\/\/www.xertarestaurant.com\/#website"},"datePublished":"2021-02-09T10:41:53+00:00","dateModified":"2026-03-16T14:42:31+00:00","description":"Sopars kosher certificats a Barcelona a Xerta Restaurant. Servei kosher supervisat amb reserva pr\u00e8via, men\u00fas degustaci\u00f3 i esdeveniments kosher.","breadcrumb":{"@id":"https:\/\/www.xertarestaurant.com\/ca\/kosher\/#breadcrumb"},"inLanguage":"ca","potentialAction":[{"@type":"ReadAction","target":["https:\/\/www.xertarestaurant.com\/ca\/kosher\/"]}]},{"@type":"BreadcrumbList","@id":"https:\/\/www.xertarestaurant.com\/ca\/kosher\/#breadcrumb","itemListElement":[{"@type":"ListItem","position":1,"name":"Portada","item":"https:\/\/www.xertarestaurant.com\/ca\/"},{"@type":"ListItem","position":2,"name":"Kosher"}]},{"@type":"WebSite","@id":"https:\/\/www.xertarestaurant.com\/#website","url":"https:\/\/www.xertarestaurant.com\/","name":"Xerta Restaurant","description":"Restaurante gastron\u00f3mico de autor en Barcelona","publisher":{"@id":"https:\/\/www.xertarestaurant.com\/#organization"},"potentialAction":[{"@type":"SearchAction","target":{"@type":"EntryPoint","urlTemplate":"https:\/\/www.xertarestaurant.com\/?s={search_term_string}"},"query-input":{"@type":"PropertyValueSpecification","valueRequired":true,"valueName":"search_term_string"}}],"inLanguage":"ca"},{"@type":"Organization","@id":"https:\/\/www.xertarestaurant.com\/#organization","name":"Xerta Restaurant","url":"https:\/\/www.xertarestaurant.com\/","logo":{"@type":"ImageObject","inLanguage":"ca","@id":"https:\/\/www.xertarestaurant.com\/#\/schema\/logo\/image\/","url":"https:\/\/www.xertarestaurant.com\/wp-content\/uploads\/2020\/01\/xerta-restaurant-barcelona-logo-1-1.svg","contentUrl":"https:\/\/www.xertarestaurant.com\/wp-content\/uploads\/2020\/01\/xerta-restaurant-barcelona-logo-1-1.svg","width":1,"height":1,"caption":"Xerta Restaurant"},"image":{"@id":"https:\/\/www.xertarestaurant.com\/#\/schema\/logo\/image\/"},"sameAs":["https:\/\/www.facebook.com\/xertarestaurant","https:\/\/x.com\/XertaBarcelona","https:\/\/www.instagram.com\/xertarestaurant"]}]}},"_links":{"self":[{"href":"https:\/\/www.xertarestaurant.com\/ca\/wp-json\/wp\/v2\/pages\/19430","targetHints":{"allow":["GET"]}}],"collection":[{"href":"https:\/\/www.xertarestaurant.com\/ca\/wp-json\/wp\/v2\/pages"}],"about":[{"href":"https:\/\/www.xertarestaurant.com\/ca\/wp-json\/wp\/v2\/types\/page"}],"author":[{"embeddable":true,"href":"https:\/\/www.xertarestaurant.com\/ca\/wp-json\/wp\/v2\/users\/1"}],"replies":[{"embeddable":true,"href":"https:\/\/www.xertarestaurant.com\/ca\/wp-json\/wp\/v2\/comments?post=19430"}],"version-history":[{"count":0,"href":"https:\/\/www.xertarestaurant.com\/ca\/wp-json\/wp\/v2\/pages\/19430\/revisions"}],"wp:attachment":[{"href":"https:\/\/www.xertarestaurant.com\/ca\/wp-json\/wp\/v2\/media?parent=19430"}],"curies":[{"name":"wp","href":"https:\/\/api.w.org\/{rel}","templated":true}]}}