{"id":11073,"date":"2017-11-16T16:20:10","date_gmt":"2017-11-16T15:20:10","guid":{"rendered":"http:\/\/localhost\/xerta\/restaurant-barcelona\/arroz-delta-ebre\/"},"modified":"2026-03-30T16:46:22","modified_gmt":"2026-03-30T15:46:22","slug":"larros-del-delta-de-lebre","status":"publish","type":"page","link":"https:\/\/www.xertarestaurant.com\/ca\/restaurant-barcelona\/larros-del-delta-de-lebre\/","title":{"rendered":"L\u2019arr\u00f2s del Delta de l\u2019Ebre"},"content":{"rendered":"[vc_row][vc_column][vc_video link=&#8221;[https:\/\/youtu.be\/ovPpbgB2Mgc&#8221;][\/vc_column][\/vc_row][vc_row](https:\/\/youtu.be\/ovPpbgB2Mgc%22][\/vc_column][\/vc_row][vc_row) css=&#8221;.vc_custom_1517498575356{margin-top: 5% !important;}&#8221;][vc_column][vc_custom_heading text=&#8221;La cultura de l\u2019arr\u00f2s entre el mar i la terra&#8221; use_theme_fonts=&#8221;yes&#8221;][\/vc_column][\/vc_row][vc_row css=&#8221;.vc_custom_1517498593955{margin-bottom: 3% !important;}&#8221;][vc_column width=&#8221;1\/2&#8243;][vc_column_text css=&#8221;.vc_custom_1517498725611{margin-bottom: 3% !important;}&#8221;]El cultiu de l\u2019arr\u00f2s al Delta de l\u2019Ebre \u00e9s relativament recent. No va ser fins al segle XIX quan es va comen\u00e7ar a desenvolupar l\u2019activitat agr\u00edcola al Delta al voltant de l\u2019arr\u00f2s, amb l\u2019obertura inicial dels canals, fet que va permetre inundar amb aigua dol\u00e7a \u00e0mplies superf\u00edcies de tot el territori, facilitant el cicle del sistema de cultiu arrosser.[\/vc_column_text][\/vc_column][vc_column width=&#8221;1\/2&#8243;][vc_column_text]Tota una cultura etnogr\u00e0fica al voltant del cultiu de l\u2019arr\u00f2s en un indret on el mar i la terra es fusionen, obrint la porta a una aut\u00e8ntica despensa de dieta mediterr\u00e0nia. Aquestes milers d\u2019hect\u00e0rees d\u2019arrossars, juntament amb la depuraci\u00f3 natural de l\u2019aigua, converteixen el Delta en un aut\u00e8ntic parad\u00eds per a tota mena de crustacis.[\/vc_column_text][\/vc_column][\/vc_row]\n","protected":false},"excerpt":{"rendered":"<p>[vc_row][vc_column][vc_video link=&#8221;[https:\/\/youtu.be\/ovPpbgB2Mgc&#8221;][\/vc_column][\/vc_row][vc_row](https:\/\/youtu.be\/ovPpbgB2Mgc%22][\/vc_column][\/vc_row][vc_row) css=&#8221;.vc_custom_1517498575356{margin-top: 5% !important;}&#8221;][vc_column][vc_custom_heading text=&#8221;La cultura de l\u2019arr\u00f2s entre el mar i la terra&#8221; use_theme_fonts=&#8221;yes&#8221;][\/vc_column][\/vc_row][vc_row css=&#8221;.vc_custom_1517498593955{margin-bottom: 3% !important;}&#8221;][vc_column width=&#8221;1\/2&#8243;][vc_column_text css=&#8221;.vc_custom_1517498725611{margin-bottom: 3% !important;}&#8221;]El cultiu de l\u2019arr\u00f2s al Delta de l\u2019Ebre \u00e9s relativament recent. No va ser fins al segle XIX quan es va comen\u00e7ar a desenvolupar l\u2019activitat agr\u00edcola al Delta al voltant de l\u2019arr\u00f2s, amb [&hellip;]<\/p>\n","protected":false},"author":1,"featured_media":0,"parent":4935,"menu_order":0,"comment_status":"closed","ping_status":"closed","template":"","meta":{"_monsterinsights_skip_tracking":false,"_monsterinsights_sitenote_active":false,"_monsterinsights_sitenote_note":"","_monsterinsights_sitenote_category":0,"footnotes":""},"class_list":["post-11073","page","type-page","status-publish","hentry"],"yoast_head":"<!-- This site is optimized with the Yoast SEO plugin v27.2 - https:\/\/yoast.com\/product\/yoast-seo-wordpress\/ -->\n<title>L\u2019arr\u00f2s del Delta de l\u2019Ebre - Xerta Restaurant<\/title>\n<meta name=\"description\" content=\"El Delta de l\u2019Ebre viu per l\u2019arr\u00f2s. L\u2019arr\u00f2s \u00e9s cultura des del segle XIX i, a Xerta Restaurant, combinem la tradici\u00f3 de l\u2019arr\u00f2s amb la cuina d\u2019autor.\" \/>\n<meta name=\"robots\" content=\"index, follow, max-snippet:-1, max-image-preview:large, max-video-preview:-1\" \/>\n<link rel=\"canonical\" href=\"https:\/\/www.xertarestaurant.com\/ca\/restaurant-barcelona\/larros-del-delta-de-lebre\/\" \/>\n<meta property=\"og:locale\" content=\"ca_ES\" \/>\n<meta property=\"og:type\" content=\"article\" \/>\n<meta property=\"og:title\" content=\"L\u2019arr\u00f2s del Delta de l\u2019Ebre - Xerta Restaurant\" \/>\n<meta property=\"og:description\" content=\"El Delta de l\u2019Ebre viu per l\u2019arr\u00f2s. L\u2019arr\u00f2s \u00e9s cultura des del segle XIX i, a Xerta Restaurant, combinem la tradici\u00f3 de l\u2019arr\u00f2s amb la cuina d\u2019autor.\" \/>\n<meta property=\"og:url\" content=\"https:\/\/www.xertarestaurant.com\/ca\/restaurant-barcelona\/larros-del-delta-de-lebre\/\" \/>\n<meta property=\"og:site_name\" content=\"Xerta Restaurant\" \/>\n<meta property=\"article:publisher\" content=\"https:\/\/www.facebook.com\/xertarestaurant\" \/>\n<meta property=\"article:modified_time\" content=\"2026-03-30T15:46:22+00:00\" \/>\n<meta name=\"twitter:card\" content=\"summary_large_image\" \/>\n<meta name=\"twitter:site\" content=\"@XertaBarcelona\" \/>\n<meta name=\"twitter:label1\" content=\"Temps estimat de lectura\" \/>\n\t<meta name=\"twitter:data1\" content=\"1 minut\" \/>\n<script type=\"application\/ld+json\" class=\"yoast-schema-graph\">{\"@context\":\"https:\/\/schema.org\",\"@graph\":[{\"@type\":\"WebPage\",\"@id\":\"https:\/\/www.xertarestaurant.com\/ca\/restaurant-barcelona\/larros-del-delta-de-lebre\/\",\"url\":\"https:\/\/www.xertarestaurant.com\/ca\/restaurant-barcelona\/larros-del-delta-de-lebre\/\",\"name\":\"L\u2019arr\u00f2s del Delta de l\u2019Ebre - Xerta Restaurant\",\"isPartOf\":{\"@id\":\"https:\/\/www.xertarestaurant.com\/#website\"},\"datePublished\":\"2017-11-16T15:20:10+00:00\",\"dateModified\":\"2026-03-30T15:46:22+00:00\",\"description\":\"El Delta de l\u2019Ebre viu per l\u2019arr\u00f2s. L\u2019arr\u00f2s \u00e9s cultura des del segle XIX i, a Xerta Restaurant, combinem la tradici\u00f3 de l\u2019arr\u00f2s amb la cuina d\u2019autor.\",\"breadcrumb\":{\"@id\":\"https:\/\/www.xertarestaurant.com\/ca\/restaurant-barcelona\/larros-del-delta-de-lebre\/#breadcrumb\"},\"inLanguage\":\"ca\",\"potentialAction\":[{\"@type\":\"ReadAction\",\"target\":[\"https:\/\/www.xertarestaurant.com\/ca\/restaurant-barcelona\/larros-del-delta-de-lebre\/\"]}]},{\"@type\":\"BreadcrumbList\",\"@id\":\"https:\/\/www.xertarestaurant.com\/ca\/restaurant-barcelona\/larros-del-delta-de-lebre\/#breadcrumb\",\"itemListElement\":[{\"@type\":\"ListItem\",\"position\":1,\"name\":\"Portada\",\"item\":\"https:\/\/www.xertarestaurant.com\/ca\/\"},{\"@type\":\"ListItem\",\"position\":2,\"name\":\"Restaurant\",\"item\":\"https:\/\/www.xertarestaurant.com\/ca\/restaurant-barcelona\/\"},{\"@type\":\"ListItem\",\"position\":3,\"name\":\"L\u2019arr\u00f2s del Delta de l\u2019Ebre\"}]},{\"@type\":\"WebSite\",\"@id\":\"https:\/\/www.xertarestaurant.com\/#website\",\"url\":\"https:\/\/www.xertarestaurant.com\/\",\"name\":\"Xerta Restaurant\",\"description\":\"Restaurante gastron\u00f3mico de autor en Barcelona\",\"publisher\":{\"@id\":\"https:\/\/www.xertarestaurant.com\/#organization\"},\"potentialAction\":[{\"@type\":\"SearchAction\",\"target\":{\"@type\":\"EntryPoint\",\"urlTemplate\":\"https:\/\/www.xertarestaurant.com\/?s={search_term_string}\"},\"query-input\":{\"@type\":\"PropertyValueSpecification\",\"valueRequired\":true,\"valueName\":\"search_term_string\"}}],\"inLanguage\":\"ca\"},{\"@type\":\"Organization\",\"@id\":\"https:\/\/www.xertarestaurant.com\/#organization\",\"name\":\"Xerta Restaurant\",\"url\":\"https:\/\/www.xertarestaurant.com\/\",\"logo\":{\"@type\":\"ImageObject\",\"inLanguage\":\"ca\",\"@id\":\"https:\/\/www.xertarestaurant.com\/#\/schema\/logo\/image\/\",\"url\":\"https:\/\/www.xertarestaurant.com\/wp-content\/uploads\/2020\/01\/xerta-restaurant-barcelona-logo-1-1.svg\",\"contentUrl\":\"https:\/\/www.xertarestaurant.com\/wp-content\/uploads\/2020\/01\/xerta-restaurant-barcelona-logo-1-1.svg\",\"width\":1,\"height\":1,\"caption\":\"Xerta Restaurant\"},\"image\":{\"@id\":\"https:\/\/www.xertarestaurant.com\/#\/schema\/logo\/image\/\"},\"sameAs\":[\"https:\/\/www.facebook.com\/xertarestaurant\",\"https:\/\/x.com\/XertaBarcelona\",\"https:\/\/www.instagram.com\/xertarestaurant\"]}]}<\/script>\n<!-- \/ Yoast SEO plugin. -->","yoast_head_json":{"title":"L\u2019arr\u00f2s del Delta de l\u2019Ebre - Xerta Restaurant","description":"El Delta de l\u2019Ebre viu per l\u2019arr\u00f2s. L\u2019arr\u00f2s \u00e9s cultura des del segle XIX i, a Xerta Restaurant, combinem la tradici\u00f3 de l\u2019arr\u00f2s amb la cuina d\u2019autor.","robots":{"index":"index","follow":"follow","max-snippet":"max-snippet:-1","max-image-preview":"max-image-preview:large","max-video-preview":"max-video-preview:-1"},"canonical":"https:\/\/www.xertarestaurant.com\/ca\/restaurant-barcelona\/larros-del-delta-de-lebre\/","og_locale":"ca_ES","og_type":"article","og_title":"L\u2019arr\u00f2s del Delta de l\u2019Ebre - Xerta Restaurant","og_description":"El Delta de l\u2019Ebre viu per l\u2019arr\u00f2s. L\u2019arr\u00f2s \u00e9s cultura des del segle XIX i, a Xerta Restaurant, combinem la tradici\u00f3 de l\u2019arr\u00f2s amb la cuina d\u2019autor.","og_url":"https:\/\/www.xertarestaurant.com\/ca\/restaurant-barcelona\/larros-del-delta-de-lebre\/","og_site_name":"Xerta Restaurant","article_publisher":"https:\/\/www.facebook.com\/xertarestaurant","article_modified_time":"2026-03-30T15:46:22+00:00","twitter_card":"summary_large_image","twitter_site":"@XertaBarcelona","twitter_misc":{"Temps estimat de lectura":"1 minut"},"schema":{"@context":"https:\/\/schema.org","@graph":[{"@type":"WebPage","@id":"https:\/\/www.xertarestaurant.com\/ca\/restaurant-barcelona\/larros-del-delta-de-lebre\/","url":"https:\/\/www.xertarestaurant.com\/ca\/restaurant-barcelona\/larros-del-delta-de-lebre\/","name":"L\u2019arr\u00f2s del Delta de l\u2019Ebre - Xerta Restaurant","isPartOf":{"@id":"https:\/\/www.xertarestaurant.com\/#website"},"datePublished":"2017-11-16T15:20:10+00:00","dateModified":"2026-03-30T15:46:22+00:00","description":"El Delta de l\u2019Ebre viu per l\u2019arr\u00f2s. L\u2019arr\u00f2s \u00e9s cultura des del segle XIX i, a Xerta Restaurant, combinem la tradici\u00f3 de l\u2019arr\u00f2s amb la cuina d\u2019autor.","breadcrumb":{"@id":"https:\/\/www.xertarestaurant.com\/ca\/restaurant-barcelona\/larros-del-delta-de-lebre\/#breadcrumb"},"inLanguage":"ca","potentialAction":[{"@type":"ReadAction","target":["https:\/\/www.xertarestaurant.com\/ca\/restaurant-barcelona\/larros-del-delta-de-lebre\/"]}]},{"@type":"BreadcrumbList","@id":"https:\/\/www.xertarestaurant.com\/ca\/restaurant-barcelona\/larros-del-delta-de-lebre\/#breadcrumb","itemListElement":[{"@type":"ListItem","position":1,"name":"Portada","item":"https:\/\/www.xertarestaurant.com\/ca\/"},{"@type":"ListItem","position":2,"name":"Restaurant","item":"https:\/\/www.xertarestaurant.com\/ca\/restaurant-barcelona\/"},{"@type":"ListItem","position":3,"name":"L\u2019arr\u00f2s del Delta de l\u2019Ebre"}]},{"@type":"WebSite","@id":"https:\/\/www.xertarestaurant.com\/#website","url":"https:\/\/www.xertarestaurant.com\/","name":"Xerta Restaurant","description":"Restaurante gastron\u00f3mico de autor en Barcelona","publisher":{"@id":"https:\/\/www.xertarestaurant.com\/#organization"},"potentialAction":[{"@type":"SearchAction","target":{"@type":"EntryPoint","urlTemplate":"https:\/\/www.xertarestaurant.com\/?s={search_term_string}"},"query-input":{"@type":"PropertyValueSpecification","valueRequired":true,"valueName":"search_term_string"}}],"inLanguage":"ca"},{"@type":"Organization","@id":"https:\/\/www.xertarestaurant.com\/#organization","name":"Xerta Restaurant","url":"https:\/\/www.xertarestaurant.com\/","logo":{"@type":"ImageObject","inLanguage":"ca","@id":"https:\/\/www.xertarestaurant.com\/#\/schema\/logo\/image\/","url":"https:\/\/www.xertarestaurant.com\/wp-content\/uploads\/2020\/01\/xerta-restaurant-barcelona-logo-1-1.svg","contentUrl":"https:\/\/www.xertarestaurant.com\/wp-content\/uploads\/2020\/01\/xerta-restaurant-barcelona-logo-1-1.svg","width":1,"height":1,"caption":"Xerta Restaurant"},"image":{"@id":"https:\/\/www.xertarestaurant.com\/#\/schema\/logo\/image\/"},"sameAs":["https:\/\/www.facebook.com\/xertarestaurant","https:\/\/x.com\/XertaBarcelona","https:\/\/www.instagram.com\/xertarestaurant"]}]}},"_links":{"self":[{"href":"https:\/\/www.xertarestaurant.com\/ca\/wp-json\/wp\/v2\/pages\/11073","targetHints":{"allow":["GET"]}}],"collection":[{"href":"https:\/\/www.xertarestaurant.com\/ca\/wp-json\/wp\/v2\/pages"}],"about":[{"href":"https:\/\/www.xertarestaurant.com\/ca\/wp-json\/wp\/v2\/types\/page"}],"author":[{"embeddable":true,"href":"https:\/\/www.xertarestaurant.com\/ca\/wp-json\/wp\/v2\/users\/1"}],"replies":[{"embeddable":true,"href":"https:\/\/www.xertarestaurant.com\/ca\/wp-json\/wp\/v2\/comments?post=11073"}],"version-history":[{"count":0,"href":"https:\/\/www.xertarestaurant.com\/ca\/wp-json\/wp\/v2\/pages\/11073\/revisions"}],"up":[{"embeddable":true,"href":"https:\/\/www.xertarestaurant.com\/ca\/wp-json\/wp\/v2\/pages\/4935"}],"wp:attachment":[{"href":"https:\/\/www.xertarestaurant.com\/ca\/wp-json\/wp\/v2\/media?parent=11073"}],"curies":[{"name":"wp","href":"https:\/\/api.w.org\/{rel}","templated":true}]}}